{"id":9181,"date":"2024-01-25T19:59:45","date_gmt":"2024-01-25T18:59:45","guid":{"rendered":"https:\/\/cplarraga.educacion.navarra.es\/web\/?page_id=9181"},"modified":"2024-02-01T09:51:12","modified_gmt":"2024-02-01T08:51:12","slug":"aprendizaje-y-servio-solidario","status":"publish","type":"page","link":"https:\/\/cplarraga.educacion.navarra.es\/web\/aprendizaje-y-servio-solidario\/","title":{"rendered":"Aprendizaje y Servicio Solidario"},"content":{"rendered":"\n<p>El CPEIP San Miguel de Larraga ha obtenido el <strong>2\u00ba Premio<\/strong> en el  I<strong>I Certamen navarro de dise\u00f1o de proyectos de Aprendizaje y Servicio Solidario<\/strong> en la modalidad de Proyectos de centros de Educaci\u00f3n Infantil y Primaria organizado por la Red de Navarra de Aprendizaje y Servicio Solidario, en la colaboraci\u00f3n con el Instituto Navarro de la Juventud.<\/p>\n\n\n\n<p>El proyecto <strong>\u00abUniendo Voces y Culturas\u00bb<\/strong> surge como una iniciativa creativa desde el \u00e1mbito escolar, con el objetivo de promover la cohesi\u00f3n social y el respeto cultural en la comunidad local: Larraga.<\/p>\n\n\n\n<p>La propuesta se centra en la creaci\u00f3n colaborativa de un videoclip musical, en el cual participar\u00e1n activamente estudiantes, docentes, familias y diversas asociaciones de la localidad.<\/p>\n\n\n\n<p>\u00abUniendo Voces y Culturas a trav\u00e9s del Videoclip\u00bb se erige como un modelo de aprendizaje servicio que va m\u00e1s all\u00e1 de las aulas, integrando a la comunidad en la formaci\u00f3n de los y las estudiantes y fomentando la construcci\u00f3n de una sociedad cohesionada, basada en la comprensi\u00f3n mutua y el aprecio por la diversidad.<\/p>\n\n\n\n<div class=\"wp-block-image\"><figure class=\"aligncenter size-large is-resized\"><img loading=\"lazy\" src=\"https:\/\/cplarraga.educacion.navarra.es\/web\/wp-content\/uploads\/2024\/02\/PremioIICertamenNavarroDisenoProyectosAySS2024-1024x724.jpg\" alt=\"\" class=\"wp-image-9269\" width=\"768\" height=\"543\" srcset=\"https:\/\/cplarraga.educacion.navarra.es\/web\/wp-content\/uploads\/2024\/02\/PremioIICertamenNavarroDisenoProyectosAySS2024-1024x724.jpg 1024w, https:\/\/cplarraga.educacion.navarra.es\/web\/wp-content\/uploads\/2024\/02\/PremioIICertamenNavarroDisenoProyectosAySS2024-300x212.jpg 300w, https:\/\/cplarraga.educacion.navarra.es\/web\/wp-content\/uploads\/2024\/02\/PremioIICertamenNavarroDisenoProyectosAySS2024-768x543.jpg 768w, https:\/\/cplarraga.educacion.navarra.es\/web\/wp-content\/uploads\/2024\/02\/PremioIICertamenNavarroDisenoProyectosAySS2024-1536x1086.jpg 1536w, https:\/\/cplarraga.educacion.navarra.es\/web\/wp-content\/uploads\/2024\/02\/PremioIICertamenNavarroDisenoProyectosAySS2024-rotated.jpg 1754w\" sizes=\"(max-width: 768px) 100vw, 768px\" \/><\/figure><\/div>\n","protected":false},"excerpt":{"rendered":"<p>El CPEIP San Miguel de Larraga ha obtenido el 2\u00ba Premio en el II Certamen navarro de dise\u00f1o de proyectos de Aprendizaje y Servicio Solidario en la modalidad de Proyectos de centros de Educaci\u00f3n Infantil y Primaria organizado por la Red de Navarra de Aprendizaje y Servicio Solidario, en la colaboraci\u00f3n con el Instituto Navarro [&hellip;]<\/p>\n","protected":false},"author":6,"featured_media":9178,"parent":0,"menu_order":0,"comment_status":"closed","ping_status":"closed","template":"","meta":{"_genesis_hide_title":false,"_genesis_hide_breadcrumbs":false,"_genesis_hide_singular_image":false,"_genesis_hide_footer_widgets":false,"_genesis_custom_body_class":"","_genesis_custom_post_class":"","_genesis_layout":""},"_links":{"self":[{"href":"https:\/\/cplarraga.educacion.navarra.es\/web\/wp-json\/wp\/v2\/pages\/9181"}],"collection":[{"href":"https:\/\/cplarraga.educacion.navarra.es\/web\/wp-json\/wp\/v2\/pages"}],"about":[{"href":"https:\/\/cplarraga.educacion.navarra.es\/web\/wp-json\/wp\/v2\/types\/page"}],"author":[{"embeddable":true,"href":"https:\/\/cplarraga.educacion.navarra.es\/web\/wp-json\/wp\/v2\/users\/6"}],"replies":[{"embeddable":true,"href":"https:\/\/cplarraga.educacion.navarra.es\/web\/wp-json\/wp\/v2\/comments?post=9181"}],"version-history":[{"count":6,"href":"https:\/\/cplarraga.educacion.navarra.es\/web\/wp-json\/wp\/v2\/pages\/9181\/revisions"}],"predecessor-version":[{"id":9272,"href":"https:\/\/cplarraga.educacion.navarra.es\/web\/wp-json\/wp\/v2\/pages\/9181\/revisions\/9272"}],"wp:featuredmedia":[{"embeddable":true,"href":"https:\/\/cplarraga.educacion.navarra.es\/web\/wp-json\/wp\/v2\/media\/9178"}],"wp:attachment":[{"href":"https:\/\/cplarraga.educacion.navarra.es\/web\/wp-json\/wp\/v2\/media?parent=9181"}],"curies":[{"name":"wp","href":"https:\/\/api.w.org\/{rel}","templated":true}]}}