{"id":4865,"date":"2021-02-13T12:18:01","date_gmt":"2021-02-13T11:18:01","guid":{"rendered":"https:\/\/cplarraga.educacion.navarra.es\/web\/?page_id=4865"},"modified":"2021-02-18T15:55:32","modified_gmt":"2021-02-18T14:55:32","slug":"2021-carnavales","status":"publish","type":"page","link":"https:\/\/cplarraga.educacion.navarra.es\/web\/2021-carnavales\/","title":{"rendered":"2021 Carnavales"},"content":{"rendered":"\n<p>El d\u00eda 12 de febrero celebramos los carnavales \/ ihauteriak, ha sido un d\u00eda con mucho trabajo previo, pero con un resultado divertido y satisfactorio.<\/p>\n\n\n\n<p>\u00a1Enhorabuena!<\/p>\n\n\n\n<div class=\"wp-block-image\"><figure class=\"aligncenter size-large is-resized\"><a href=\"https:\/\/drive.google.com\/file\/d\/1THGuiKGouN6NExCVaObwXAGDMH8DvL0X\/view?usp=sharing\"><img loading=\"lazy\" src=\"https:\/\/cplarraga.educacion.navarra.es\/web\/wp-content\/uploads\/2021\/02\/FotoPresentacionCarnaval.jpg\" alt=\"\" class=\"wp-image-5027\" width=\"580\" height=\"290\" srcset=\"https:\/\/cplarraga.educacion.navarra.es\/web\/wp-content\/uploads\/2021\/02\/FotoPresentacionCarnaval.jpg 620w, https:\/\/cplarraga.educacion.navarra.es\/web\/wp-content\/uploads\/2021\/02\/FotoPresentacionCarnaval-300x150.jpg 300w\" sizes=\"(max-width: 580px) 100vw, 580px\" \/><\/a><figcaption><em>Pulse en la imagen para ver el v\u00eddeo<\/em><\/figcaption><\/figure><\/div>\n\n\n\n<hr class=\"wp-block-separator\"\/>\n\n\n\n<p>El ciclo de <strong>Educaci\u00f3n Infantil<\/strong> ha tratado el tema de la <strong>pirater\u00eda<\/strong>, ya en esa \u00e9poca resaltaron mujeres piratas como Mary Read y Anne Bonny. <\/p>\n\n\n\n<p>La tem\u00e1tica ha sido muy bien acogida por el alumnado, est\u00e1 muy motivado,  y seguir\u00e1 trabajando y  estudiando a la vuelta a clase.<\/p>\n\n\n\n<div class=\"wp-block-image is-style-rounded\"><figure class=\"aligncenter size-large is-resized\"><img loading=\"lazy\" src=\"https:\/\/cplarraga.educacion.navarra.es\/web\/wp-content\/uploads\/2021\/02\/20210212_Carnavales_3anosIMG-20210215-WA0002-1024x769.jpg\" alt=\"\" class=\"wp-image-4929\" width=\"768\" height=\"577\" srcset=\"https:\/\/cplarraga.educacion.navarra.es\/web\/wp-content\/uploads\/2021\/02\/20210212_Carnavales_3anosIMG-20210215-WA0002-1024x769.jpg 1024w, https:\/\/cplarraga.educacion.navarra.es\/web\/wp-content\/uploads\/2021\/02\/20210212_Carnavales_3anosIMG-20210215-WA0002-300x225.jpg 300w, https:\/\/cplarraga.educacion.navarra.es\/web\/wp-content\/uploads\/2021\/02\/20210212_Carnavales_3anosIMG-20210215-WA0002-768x576.jpg 768w, https:\/\/cplarraga.educacion.navarra.es\/web\/wp-content\/uploads\/2021\/02\/20210212_Carnavales_3anosIMG-20210215-WA0002-1536x1153.jpg 1536w, https:\/\/cplarraga.educacion.navarra.es\/web\/wp-content\/uploads\/2021\/02\/20210212_Carnavales_3anosIMG-20210215-WA0002.jpg 2048w\" sizes=\"(max-width: 768px) 100vw, 768px\" \/><figcaption><em>1\u00ba de Infantil<\/em> &#8211; 3 a\u00f1os &#8211;<\/figcaption><\/figure><\/div>\n\n\n\n<div class=\"wp-block-image is-style-rounded\"><figure class=\"aligncenter size-large is-resized\"><img loading=\"lazy\" src=\"https:\/\/cplarraga.educacion.navarra.es\/web\/wp-content\/uploads\/2021\/02\/20210212_Carnavales_4anos-IMG-20210215-WA0001-1024x768.jpg\" alt=\"\" class=\"wp-image-4931\" width=\"768\" height=\"576\" srcset=\"https:\/\/cplarraga.educacion.navarra.es\/web\/wp-content\/uploads\/2021\/02\/20210212_Carnavales_4anos-IMG-20210215-WA0001-1024x768.jpg 1024w, https:\/\/cplarraga.educacion.navarra.es\/web\/wp-content\/uploads\/2021\/02\/20210212_Carnavales_4anos-IMG-20210215-WA0001-300x225.jpg 300w, https:\/\/cplarraga.educacion.navarra.es\/web\/wp-content\/uploads\/2021\/02\/20210212_Carnavales_4anos-IMG-20210215-WA0001-768x576.jpg 768w, https:\/\/cplarraga.educacion.navarra.es\/web\/wp-content\/uploads\/2021\/02\/20210212_Carnavales_4anos-IMG-20210215-WA0001-1536x1152.jpg 1536w, https:\/\/cplarraga.educacion.navarra.es\/web\/wp-content\/uploads\/2021\/02\/20210212_Carnavales_4anos-IMG-20210215-WA0001.jpg 2000w\" sizes=\"(max-width: 768px) 100vw, 768px\" \/><figcaption><em>2\u00ba de Infantil &#8211; 4 a\u00f1os &#8211;<\/em><\/figcaption><\/figure><\/div>\n\n\n\n<div class=\"wp-block-image is-style-rounded\"><figure class=\"aligncenter size-large is-resized\"><img loading=\"lazy\" src=\"https:\/\/cplarraga.educacion.navarra.es\/web\/wp-content\/uploads\/2021\/02\/20210212_Carnavales_5anos_IMG-3747_b-1024x768.jpg\" alt=\"\" class=\"wp-image-4862\" width=\"768\" height=\"576\" srcset=\"https:\/\/cplarraga.educacion.navarra.es\/web\/wp-content\/uploads\/2021\/02\/20210212_Carnavales_5anos_IMG-3747_b-1024x768.jpg 1024w, https:\/\/cplarraga.educacion.navarra.es\/web\/wp-content\/uploads\/2021\/02\/20210212_Carnavales_5anos_IMG-3747_b-300x225.jpg 300w, https:\/\/cplarraga.educacion.navarra.es\/web\/wp-content\/uploads\/2021\/02\/20210212_Carnavales_5anos_IMG-3747_b-768x576.jpg 768w, https:\/\/cplarraga.educacion.navarra.es\/web\/wp-content\/uploads\/2021\/02\/20210212_Carnavales_5anos_IMG-3747_b-1536x1152.jpg 1536w, https:\/\/cplarraga.educacion.navarra.es\/web\/wp-content\/uploads\/2021\/02\/20210212_Carnavales_5anos_IMG-3747_b.jpg 2016w\" sizes=\"(max-width: 768px) 100vw, 768px\" \/><figcaption><em>3\u00ba Infantil &#8211; 5 a\u00f1os &#8211;<\/em><\/figcaption><\/figure><\/div>\n\n\n\n<div class=\"wp-block-image is-style-rounded\"><figure class=\"aligncenter size-large is-resized\"><img loading=\"lazy\" src=\"https:\/\/cplarraga.educacion.navarra.es\/web\/wp-content\/uploads\/2021\/02\/20210212_Carnavales_5anos_IMG-20210212-WA0038.jpg\" alt=\"\" class=\"wp-image-4869\" width=\"768\" height=\"576\" srcset=\"https:\/\/cplarraga.educacion.navarra.es\/web\/wp-content\/uploads\/2021\/02\/20210212_Carnavales_5anos_IMG-20210212-WA0038.jpg 1024w, https:\/\/cplarraga.educacion.navarra.es\/web\/wp-content\/uploads\/2021\/02\/20210212_Carnavales_5anos_IMG-20210212-WA0038-300x225.jpg 300w, https:\/\/cplarraga.educacion.navarra.es\/web\/wp-content\/uploads\/2021\/02\/20210212_Carnavales_5anos_IMG-20210212-WA0038-768x576.jpg 768w\" sizes=\"(max-width: 768px) 100vw, 768px\" \/><figcaption><em>3\u00ba Infantil &#8211; 5 a\u00f1os &#8211; <\/em><\/figcaption><\/figure><\/div>\n\n\n\n<div class=\"wp-block-image is-style-rounded\"><figure class=\"aligncenter size-large is-resized\"><img loading=\"lazy\" src=\"https:\/\/cplarraga.educacion.navarra.es\/web\/wp-content\/uploads\/2021\/02\/20210212_Carnavales_5anos_IMG-3766_b-1024x768.jpg\" alt=\"\" class=\"wp-image-4863\" width=\"768\" height=\"576\" srcset=\"https:\/\/cplarraga.educacion.navarra.es\/web\/wp-content\/uploads\/2021\/02\/20210212_Carnavales_5anos_IMG-3766_b-1024x768.jpg 1024w, https:\/\/cplarraga.educacion.navarra.es\/web\/wp-content\/uploads\/2021\/02\/20210212_Carnavales_5anos_IMG-3766_b-300x225.jpg 300w, https:\/\/cplarraga.educacion.navarra.es\/web\/wp-content\/uploads\/2021\/02\/20210212_Carnavales_5anos_IMG-3766_b-768x576.jpg 768w, https:\/\/cplarraga.educacion.navarra.es\/web\/wp-content\/uploads\/2021\/02\/20210212_Carnavales_5anos_IMG-3766_b-1536x1152.jpg 1536w, https:\/\/cplarraga.educacion.navarra.es\/web\/wp-content\/uploads\/2021\/02\/20210212_Carnavales_5anos_IMG-3766_b.jpg 2016w\" sizes=\"(max-width: 768px) 100vw, 768px\" \/><figcaption><em>3\u00ba Infantil  &#8211; 5 a\u00f1os &#8211;<\/em><\/figcaption><\/figure><\/div>\n\n\n\n<hr class=\"wp-block-separator\"\/>\n\n\n\n<p>El <strong>primer ciclo de primaria<\/strong> ha dedicado su esfuerzo a confeccionar recortando y pintando sus propias m\u00e1scaras y antifaces.<\/p>\n\n\n\n<div class=\"wp-block-image is-style-rounded\"><figure class=\"aligncenter size-large is-resized\"><img loading=\"lazy\" src=\"https:\/\/cplarraga.educacion.navarra.es\/web\/wp-content\/uploads\/2021\/02\/20210212_Carnavales_1_IMG-20210212-WA0024-1024x769.jpg\" alt=\"\" class=\"wp-image-4872\" width=\"768\" height=\"577\" srcset=\"https:\/\/cplarraga.educacion.navarra.es\/web\/wp-content\/uploads\/2021\/02\/20210212_Carnavales_1_IMG-20210212-WA0024-1024x769.jpg 1024w, https:\/\/cplarraga.educacion.navarra.es\/web\/wp-content\/uploads\/2021\/02\/20210212_Carnavales_1_IMG-20210212-WA0024-300x225.jpg 300w, https:\/\/cplarraga.educacion.navarra.es\/web\/wp-content\/uploads\/2021\/02\/20210212_Carnavales_1_IMG-20210212-WA0024-768x576.jpg 768w, https:\/\/cplarraga.educacion.navarra.es\/web\/wp-content\/uploads\/2021\/02\/20210212_Carnavales_1_IMG-20210212-WA0024-1536x1153.jpg 1536w, https:\/\/cplarraga.educacion.navarra.es\/web\/wp-content\/uploads\/2021\/02\/20210212_Carnavales_1_IMG-20210212-WA0024.jpg 1600w\" sizes=\"(max-width: 768px) 100vw, 768px\" \/><figcaption><em>1\u00ba de Primaria<\/em><\/figcaption><\/figure><\/div>\n\n\n\n<div class=\"wp-block-image is-style-rounded\"><figure class=\"aligncenter size-large is-resized\"><img loading=\"lazy\" src=\"https:\/\/cplarraga.educacion.navarra.es\/web\/wp-content\/uploads\/2021\/02\/20210212_Carnavales_2_IMG-20210212-WA0037-1024x768.jpg\" alt=\"\" class=\"wp-image-4874\" width=\"768\" height=\"576\" srcset=\"https:\/\/cplarraga.educacion.navarra.es\/web\/wp-content\/uploads\/2021\/02\/20210212_Carnavales_2_IMG-20210212-WA0037-1024x768.jpg 1024w, https:\/\/cplarraga.educacion.navarra.es\/web\/wp-content\/uploads\/2021\/02\/20210212_Carnavales_2_IMG-20210212-WA0037-300x225.jpg 300w, https:\/\/cplarraga.educacion.navarra.es\/web\/wp-content\/uploads\/2021\/02\/20210212_Carnavales_2_IMG-20210212-WA0037-768x576.jpg 768w, https:\/\/cplarraga.educacion.navarra.es\/web\/wp-content\/uploads\/2021\/02\/20210212_Carnavales_2_IMG-20210212-WA0037-1536x1152.jpg 1536w, https:\/\/cplarraga.educacion.navarra.es\/web\/wp-content\/uploads\/2021\/02\/20210212_Carnavales_2_IMG-20210212-WA0037.jpg 1600w\" sizes=\"(max-width: 768px) 100vw, 768px\" \/><figcaption><em>2\u00ba de Primaria<\/em><\/figcaption><\/figure><\/div>\n\n\n\n<hr class=\"wp-block-separator\"\/>\n\n\n\n<p>En el <strong>segundo ciclo de primaria<\/strong>, los temas centrales de los disfraces han sido <strong>el Sistema Solar<\/strong> en 3\u00ba y <strong>los animales<\/strong> en 4\u00ba.<\/p>\n\n\n\n<div class=\"wp-block-image is-style-rounded\"><figure class=\"aligncenter size-large is-resized\"><img loading=\"lazy\" src=\"https:\/\/cplarraga.educacion.navarra.es\/web\/wp-content\/uploads\/2021\/02\/20210212_Carnavales_3_IMG-20210212-WA0027-1024x549.jpg\" alt=\"\" class=\"wp-image-4880\" width=\"768\" height=\"412\" srcset=\"https:\/\/cplarraga.educacion.navarra.es\/web\/wp-content\/uploads\/2021\/02\/20210212_Carnavales_3_IMG-20210212-WA0027-1024x549.jpg 1024w, https:\/\/cplarraga.educacion.navarra.es\/web\/wp-content\/uploads\/2021\/02\/20210212_Carnavales_3_IMG-20210212-WA0027-300x161.jpg 300w, https:\/\/cplarraga.educacion.navarra.es\/web\/wp-content\/uploads\/2021\/02\/20210212_Carnavales_3_IMG-20210212-WA0027-768x411.jpg 768w, https:\/\/cplarraga.educacion.navarra.es\/web\/wp-content\/uploads\/2021\/02\/20210212_Carnavales_3_IMG-20210212-WA0027-1536x823.jpg 1536w, https:\/\/cplarraga.educacion.navarra.es\/web\/wp-content\/uploads\/2021\/02\/20210212_Carnavales_3_IMG-20210212-WA0027.jpg 2046w\" sizes=\"(max-width: 768px) 100vw, 768px\" \/><figcaption><em>3\u00ba de Primaria<\/em><\/figcaption><\/figure><\/div>\n\n\n\n<div class=\"wp-block-image is-style-rounded\"><figure class=\"aligncenter size-large is-resized\"><img loading=\"lazy\" src=\"https:\/\/cplarraga.educacion.navarra.es\/web\/wp-content\/uploads\/2021\/02\/20210212_Carnavales_3_IMG-20210212-WA0030-1024x682.jpg\" alt=\"\" class=\"wp-image-4881\" width=\"768\" height=\"512\" srcset=\"https:\/\/cplarraga.educacion.navarra.es\/web\/wp-content\/uploads\/2021\/02\/20210212_Carnavales_3_IMG-20210212-WA0030-1024x682.jpg 1024w, https:\/\/cplarraga.educacion.navarra.es\/web\/wp-content\/uploads\/2021\/02\/20210212_Carnavales_3_IMG-20210212-WA0030-300x200.jpg 300w, https:\/\/cplarraga.educacion.navarra.es\/web\/wp-content\/uploads\/2021\/02\/20210212_Carnavales_3_IMG-20210212-WA0030-768x512.jpg 768w, https:\/\/cplarraga.educacion.navarra.es\/web\/wp-content\/uploads\/2021\/02\/20210212_Carnavales_3_IMG-20210212-WA0030-1536x1023.jpg 1536w, https:\/\/cplarraga.educacion.navarra.es\/web\/wp-content\/uploads\/2021\/02\/20210212_Carnavales_3_IMG-20210212-WA0030.jpg 2048w\" sizes=\"(max-width: 768px) 100vw, 768px\" \/><figcaption>3\u00ba de Primaria<\/figcaption><\/figure><\/div>\n\n\n\n<div class=\"wp-block-image is-style-rounded\"><figure class=\"aligncenter size-large is-resized\"><img loading=\"lazy\" src=\"https:\/\/cplarraga.educacion.navarra.es\/web\/wp-content\/uploads\/2021\/02\/20210212_Carnavales_4_IMG-20210212-WA0014-1024x504.jpg\" alt=\"\" class=\"wp-image-4882\" width=\"768\" height=\"378\" srcset=\"https:\/\/cplarraga.educacion.navarra.es\/web\/wp-content\/uploads\/2021\/02\/20210212_Carnavales_4_IMG-20210212-WA0014-1024x504.jpg 1024w, https:\/\/cplarraga.educacion.navarra.es\/web\/wp-content\/uploads\/2021\/02\/20210212_Carnavales_4_IMG-20210212-WA0014-300x148.jpg 300w, https:\/\/cplarraga.educacion.navarra.es\/web\/wp-content\/uploads\/2021\/02\/20210212_Carnavales_4_IMG-20210212-WA0014-768x378.jpg 768w, https:\/\/cplarraga.educacion.navarra.es\/web\/wp-content\/uploads\/2021\/02\/20210212_Carnavales_4_IMG-20210212-WA0014-rotated.jpg 1464w\" sizes=\"(max-width: 768px) 100vw, 768px\" \/><figcaption><em>4\u00ba de Primaria<\/em><\/figcaption><\/figure><\/div>\n\n\n\n<div class=\"wp-block-image is-style-rounded\"><figure class=\"aligncenter size-large is-resized\"><img loading=\"lazy\" src=\"https:\/\/cplarraga.educacion.navarra.es\/web\/wp-content\/uploads\/2021\/02\/20210212_Carnavales_x_IMG-20210212-WA0052-1024x768.jpg\" alt=\"\" class=\"wp-image-4903\" width=\"768\" height=\"576\" srcset=\"https:\/\/cplarraga.educacion.navarra.es\/web\/wp-content\/uploads\/2021\/02\/20210212_Carnavales_x_IMG-20210212-WA0052-1024x768.jpg 1024w, https:\/\/cplarraga.educacion.navarra.es\/web\/wp-content\/uploads\/2021\/02\/20210212_Carnavales_x_IMG-20210212-WA0052-300x225.jpg 300w, https:\/\/cplarraga.educacion.navarra.es\/web\/wp-content\/uploads\/2021\/02\/20210212_Carnavales_x_IMG-20210212-WA0052-768x576.jpg 768w, https:\/\/cplarraga.educacion.navarra.es\/web\/wp-content\/uploads\/2021\/02\/20210212_Carnavales_x_IMG-20210212-WA0052-1536x1152.jpg 1536w, https:\/\/cplarraga.educacion.navarra.es\/web\/wp-content\/uploads\/2021\/02\/20210212_Carnavales_x_IMG-20210212-WA0052.jpg 2048w\" sizes=\"(max-width: 768px) 100vw, 768px\" \/><figcaption><em>4\u00ba de Primaria<\/em><\/figcaption><\/figure><\/div>\n\n\n\n<div class=\"wp-container-1 wp-block-group\"><div class=\"wp-block-group__inner-container\">\n<div class=\"wp-block-image is-style-rounded\"><figure class=\"aligncenter size-large is-resized\"><img loading=\"lazy\" src=\"https:\/\/cplarraga.educacion.navarra.es\/web\/wp-content\/uploads\/2021\/02\/20210212_Carnavales_x_IMG-20210212-WA0053-1024x768.jpg\" alt=\"\" class=\"wp-image-4904\" width=\"768\" height=\"576\" srcset=\"https:\/\/cplarraga.educacion.navarra.es\/web\/wp-content\/uploads\/2021\/02\/20210212_Carnavales_x_IMG-20210212-WA0053-1024x768.jpg 1024w, https:\/\/cplarraga.educacion.navarra.es\/web\/wp-content\/uploads\/2021\/02\/20210212_Carnavales_x_IMG-20210212-WA0053-300x225.jpg 300w, https:\/\/cplarraga.educacion.navarra.es\/web\/wp-content\/uploads\/2021\/02\/20210212_Carnavales_x_IMG-20210212-WA0053-768x576.jpg 768w, https:\/\/cplarraga.educacion.navarra.es\/web\/wp-content\/uploads\/2021\/02\/20210212_Carnavales_x_IMG-20210212-WA0053-1536x1152.jpg 1536w, https:\/\/cplarraga.educacion.navarra.es\/web\/wp-content\/uploads\/2021\/02\/20210212_Carnavales_x_IMG-20210212-WA0053.jpg 2048w\" sizes=\"(max-width: 768px) 100vw, 768px\" \/><figcaption><em>4\u00ba de Primaria<\/em><\/figcaption><\/figure><\/div>\n<\/div><\/div>\n\n\n\n<hr class=\"wp-block-separator\"\/>\n\n\n\n<p>En el <strong>ciclo superior<\/strong>, formado por 5\u00ba y 6\u00ba, los disfraces est\u00e1n relacionados con el trabajo de <strong>los y las cient\u00edficas<\/strong> y la diversidad de los <strong>pa\u00edses del mundo<\/strong>.<\/p>\n\n\n\n<div class=\"wp-block-image is-style-rounded\"><figure class=\"aligncenter size-large\"><img loading=\"lazy\" width=\"480\" height=\"640\" src=\"https:\/\/cplarraga.educacion.navarra.es\/web\/wp-content\/uploads\/2021\/02\/20210212_Carnavales_5P_IMG_2632_5A_2-rotated.jpg\" alt=\"\" class=\"wp-image-4911\" srcset=\"https:\/\/cplarraga.educacion.navarra.es\/web\/wp-content\/uploads\/2021\/02\/20210212_Carnavales_5P_IMG_2632_5A_2-rotated.jpg 480w, https:\/\/cplarraga.educacion.navarra.es\/web\/wp-content\/uploads\/2021\/02\/20210212_Carnavales_5P_IMG_2632_5A_2-225x300.jpg 225w\" sizes=\"(max-width: 480px) 100vw, 480px\" \/><figcaption><em>5\u00ba Primaria<\/em><\/figcaption><\/figure><\/div>\n\n\n\n<div class=\"wp-block-image is-style-rounded\"><figure class=\"aligncenter size-large is-resized\"><img loading=\"lazy\" src=\"https:\/\/cplarraga.educacion.navarra.es\/web\/wp-content\/uploads\/2021\/02\/20210212_Carnavales_5P_01_b-576x1024.jpg\" alt=\"\" class=\"wp-image-4907\" width=\"432\" height=\"768\" srcset=\"https:\/\/cplarraga.educacion.navarra.es\/web\/wp-content\/uploads\/2021\/02\/20210212_Carnavales_5P_01_b-576x1024.jpg 576w, https:\/\/cplarraga.educacion.navarra.es\/web\/wp-content\/uploads\/2021\/02\/20210212_Carnavales_5P_01_b-169x300.jpg 169w, https:\/\/cplarraga.educacion.navarra.es\/web\/wp-content\/uploads\/2021\/02\/20210212_Carnavales_5P_01_b-768x1365.jpg 768w, https:\/\/cplarraga.educacion.navarra.es\/web\/wp-content\/uploads\/2021\/02\/20210212_Carnavales_5P_01_b-864x1536.jpg 864w, https:\/\/cplarraga.educacion.navarra.es\/web\/wp-content\/uploads\/2021\/02\/20210212_Carnavales_5P_01_b-1153x2048.jpg 1153w, https:\/\/cplarraga.educacion.navarra.es\/web\/wp-content\/uploads\/2021\/02\/20210212_Carnavales_5P_01_b.jpg 1196w\" sizes=\"(max-width: 432px) 100vw, 432px\" \/><figcaption>5\u00ba de Primaria<\/figcaption><\/figure><\/div>\n\n\n\n<div class=\"wp-block-image is-style-default\"><figure class=\"aligncenter size-large is-resized\"><img loading=\"lazy\" src=\"https:\/\/cplarraga.educacion.navarra.es\/web\/wp-content\/uploads\/2021\/02\/20210212_Carnavales_6_IMG-20210212-WA0019-1024x768.jpg\" alt=\"\" class=\"wp-image-4913\" width=\"768\" height=\"576\" srcset=\"https:\/\/cplarraga.educacion.navarra.es\/web\/wp-content\/uploads\/2021\/02\/20210212_Carnavales_6_IMG-20210212-WA0019-1024x768.jpg 1024w, https:\/\/cplarraga.educacion.navarra.es\/web\/wp-content\/uploads\/2021\/02\/20210212_Carnavales_6_IMG-20210212-WA0019-300x225.jpg 300w, https:\/\/cplarraga.educacion.navarra.es\/web\/wp-content\/uploads\/2021\/02\/20210212_Carnavales_6_IMG-20210212-WA0019-768x576.jpg 768w, https:\/\/cplarraga.educacion.navarra.es\/web\/wp-content\/uploads\/2021\/02\/20210212_Carnavales_6_IMG-20210212-WA0019-1536x1152.jpg 1536w, https:\/\/cplarraga.educacion.navarra.es\/web\/wp-content\/uploads\/2021\/02\/20210212_Carnavales_6_IMG-20210212-WA0019.jpg 2016w\" sizes=\"(max-width: 768px) 100vw, 768px\" \/><figcaption><em>6\u00ba de Primaria<\/em><\/figcaption><\/figure><\/div>\n\n\n\n<div class=\"wp-block-image is-style-default\"><figure class=\"aligncenter size-large is-resized\"><img loading=\"lazy\" src=\"https:\/\/cplarraga.educacion.navarra.es\/web\/wp-content\/uploads\/2021\/02\/20210212_Carnavales_6_IMG-20210212-WA0021-1024x768.jpg\" alt=\"\" class=\"wp-image-4914\" width=\"768\" height=\"576\" srcset=\"https:\/\/cplarraga.educacion.navarra.es\/web\/wp-content\/uploads\/2021\/02\/20210212_Carnavales_6_IMG-20210212-WA0021-1024x768.jpg 1024w, https:\/\/cplarraga.educacion.navarra.es\/web\/wp-content\/uploads\/2021\/02\/20210212_Carnavales_6_IMG-20210212-WA0021-300x225.jpg 300w, https:\/\/cplarraga.educacion.navarra.es\/web\/wp-content\/uploads\/2021\/02\/20210212_Carnavales_6_IMG-20210212-WA0021-768x576.jpg 768w, https:\/\/cplarraga.educacion.navarra.es\/web\/wp-content\/uploads\/2021\/02\/20210212_Carnavales_6_IMG-20210212-WA0021-1536x1152.jpg 1536w, https:\/\/cplarraga.educacion.navarra.es\/web\/wp-content\/uploads\/2021\/02\/20210212_Carnavales_6_IMG-20210212-WA0021.jpg 2016w\" sizes=\"(max-width: 768px) 100vw, 768px\" \/><figcaption>6\u00ba de Primaria<\/figcaption><\/figure><\/div>\n\n\n\n<hr class=\"wp-block-separator\"\/>\n\n\n\n<p>De forma complementaria, las profesoras de euskera han creado un mural para el estudio  del carnaval rural, <strong>Nafarroako ihauteriak<\/strong>.<\/p>\n\n\n\n<div class=\"wp-block-image is-style-default\"><figure class=\"aligncenter size-large is-resized\"><img loading=\"lazy\" src=\"https:\/\/cplarraga.educacion.navarra.es\/web\/wp-content\/uploads\/2021\/02\/20210212_Carnavales_3anosy4anos_b-1024x768.jpg\" alt=\"\" class=\"wp-image-4906\" width=\"768\" height=\"576\" srcset=\"https:\/\/cplarraga.educacion.navarra.es\/web\/wp-content\/uploads\/2021\/02\/20210212_Carnavales_3anosy4anos_b-1024x768.jpg 1024w, https:\/\/cplarraga.educacion.navarra.es\/web\/wp-content\/uploads\/2021\/02\/20210212_Carnavales_3anosy4anos_b-300x225.jpg 300w, https:\/\/cplarraga.educacion.navarra.es\/web\/wp-content\/uploads\/2021\/02\/20210212_Carnavales_3anosy4anos_b-768x576.jpg 768w, https:\/\/cplarraga.educacion.navarra.es\/web\/wp-content\/uploads\/2021\/02\/20210212_Carnavales_3anosy4anos_b-1536x1152.jpg 1536w, https:\/\/cplarraga.educacion.navarra.es\/web\/wp-content\/uploads\/2021\/02\/20210212_Carnavales_3anosy4anos_b.jpg 1600w\" sizes=\"(max-width: 768px) 100vw, 768px\" \/><\/figure><\/div>\n\n\n\n<div class=\"wp-block-image\"><figure class=\"aligncenter size-large is-resized\"><img loading=\"lazy\" src=\"https:\/\/cplarraga.educacion.navarra.es\/web\/wp-content\/uploads\/2021\/02\/20210212_Carnavales_092916_b-1024x485.jpg\" alt=\"\" class=\"wp-image-5038\" width=\"768\" height=\"364\" srcset=\"https:\/\/cplarraga.educacion.navarra.es\/web\/wp-content\/uploads\/2021\/02\/20210212_Carnavales_092916_b-1024x485.jpg 1024w, https:\/\/cplarraga.educacion.navarra.es\/web\/wp-content\/uploads\/2021\/02\/20210212_Carnavales_092916_b-300x142.jpg 300w, https:\/\/cplarraga.educacion.navarra.es\/web\/wp-content\/uploads\/2021\/02\/20210212_Carnavales_092916_b-768x364.jpg 768w, https:\/\/cplarraga.educacion.navarra.es\/web\/wp-content\/uploads\/2021\/02\/20210212_Carnavales_092916_b-1536x728.jpg 1536w, https:\/\/cplarraga.educacion.navarra.es\/web\/wp-content\/uploads\/2021\/02\/20210212_Carnavales_092916_b-2048x970.jpg 2048w\" sizes=\"(max-width: 768px) 100vw, 768px\" \/><\/figure><\/div>\n\n\n\n<div class=\"wp-block-image\"><figure class=\"aligncenter size-large is-resized\"><img loading=\"lazy\" src=\"https:\/\/cplarraga.educacion.navarra.es\/web\/wp-content\/uploads\/2021\/02\/20210212_Carnavales_131914_b-1024x485.jpg\" alt=\"\" class=\"wp-image-5039\" width=\"768\" height=\"364\" srcset=\"https:\/\/cplarraga.educacion.navarra.es\/web\/wp-content\/uploads\/2021\/02\/20210212_Carnavales_131914_b-1024x485.jpg 1024w, https:\/\/cplarraga.educacion.navarra.es\/web\/wp-content\/uploads\/2021\/02\/20210212_Carnavales_131914_b-300x142.jpg 300w, https:\/\/cplarraga.educacion.navarra.es\/web\/wp-content\/uploads\/2021\/02\/20210212_Carnavales_131914_b-768x364.jpg 768w, https:\/\/cplarraga.educacion.navarra.es\/web\/wp-content\/uploads\/2021\/02\/20210212_Carnavales_131914_b-1536x728.jpg 1536w, https:\/\/cplarraga.educacion.navarra.es\/web\/wp-content\/uploads\/2021\/02\/20210212_Carnavales_131914_b-2048x970.jpg 2048w\" sizes=\"(max-width: 768px) 100vw, 768px\" \/><\/figure><\/div>\n\n\n\n<div class=\"wp-block-image\"><figure class=\"aligncenter size-large is-resized\"><img loading=\"lazy\" src=\"https:\/\/cplarraga.educacion.navarra.es\/web\/wp-content\/uploads\/2021\/02\/20210212_Carnavales_133009_b-1024x485.jpg\" alt=\"\" class=\"wp-image-5044\" width=\"768\" height=\"364\" srcset=\"https:\/\/cplarraga.educacion.navarra.es\/web\/wp-content\/uploads\/2021\/02\/20210212_Carnavales_133009_b-1024x485.jpg 1024w, https:\/\/cplarraga.educacion.navarra.es\/web\/wp-content\/uploads\/2021\/02\/20210212_Carnavales_133009_b-300x142.jpg 300w, https:\/\/cplarraga.educacion.navarra.es\/web\/wp-content\/uploads\/2021\/02\/20210212_Carnavales_133009_b-768x364.jpg 768w, https:\/\/cplarraga.educacion.navarra.es\/web\/wp-content\/uploads\/2021\/02\/20210212_Carnavales_133009_b-1536x728.jpg 1536w, https:\/\/cplarraga.educacion.navarra.es\/web\/wp-content\/uploads\/2021\/02\/20210212_Carnavales_133009_b-2048x970.jpg 2048w\" sizes=\"(max-width: 768px) 100vw, 768px\" \/><\/figure><\/div>\n","protected":false},"excerpt":{"rendered":"<p>El d\u00eda 12 de febrero celebramos los carnavales \/ ihauteriak, ha sido un d\u00eda con mucho trabajo previo, pero con un resultado divertido y satisfactorio. \u00a1Enhorabuena! El ciclo de Educaci\u00f3n Infantil ha tratado el tema de la pirater\u00eda, ya en esa \u00e9poca resaltaron mujeres piratas como Mary Read y Anne Bonny. La tem\u00e1tica ha sido [&hellip;]<\/p>\n","protected":false},"author":6,"featured_media":0,"parent":0,"menu_order":0,"comment_status":"closed","ping_status":"closed","template":"","meta":{"_genesis_hide_title":false,"_genesis_hide_breadcrumbs":false,"_genesis_hide_singular_image":false,"_genesis_hide_footer_widgets":false,"_genesis_custom_body_class":"","_genesis_custom_post_class":"","_genesis_layout":""},"_links":{"self":[{"href":"https:\/\/cplarraga.educacion.navarra.es\/web\/wp-json\/wp\/v2\/pages\/4865"}],"collection":[{"href":"https:\/\/cplarraga.educacion.navarra.es\/web\/wp-json\/wp\/v2\/pages"}],"about":[{"href":"https:\/\/cplarraga.educacion.navarra.es\/web\/wp-json\/wp\/v2\/types\/page"}],"author":[{"embeddable":true,"href":"https:\/\/cplarraga.educacion.navarra.es\/web\/wp-json\/wp\/v2\/users\/6"}],"replies":[{"embeddable":true,"href":"https:\/\/cplarraga.educacion.navarra.es\/web\/wp-json\/wp\/v2\/comments?post=4865"}],"version-history":[{"count":34,"href":"https:\/\/cplarraga.educacion.navarra.es\/web\/wp-json\/wp\/v2\/pages\/4865\/revisions"}],"predecessor-version":[{"id":5050,"href":"https:\/\/cplarraga.educacion.navarra.es\/web\/wp-json\/wp\/v2\/pages\/4865\/revisions\/5050"}],"wp:attachment":[{"href":"https:\/\/cplarraga.educacion.navarra.es\/web\/wp-json\/wp\/v2\/media?parent=4865"}],"curies":[{"name":"wp","href":"https:\/\/api.w.org\/{rel}","templated":true}]}}