{"id":4387,"date":"2020-10-16T11:26:41","date_gmt":"2020-10-16T09:26:41","guid":{"rendered":"https:\/\/cplarraga.educacion.navarra.es\/web\/?page_id=4387"},"modified":"2021-07-02T14:36:25","modified_gmt":"2021-07-02T12:36:25","slug":"videos-de-ayuda","status":"publish","type":"page","link":"https:\/\/cplarraga.educacion.navarra.es\/web\/videos-de-ayuda\/","title":{"rendered":"V\u00eddeos de ayuda"},"content":{"rendered":"\n<p>Las familias para acceder al portal educa pueden pinchar en el enlace <a href=\"https:\/\/educa.navarra.es\" target=\"_blank\" rel=\"noreferrer noopener\">https:\/\/educages.navarra.es<\/a><\/p>\n\n\n\n<hr class=\"wp-block-separator\"\/>\n\n\n\n<p>V\u00eddeo. <strong>Consulta del bolet\u00edn de notas de una alumna o alumno.<\/strong><\/p>\n\n\n\n<a href=\"https:\/\/drive.google.com\/file\/d\/13zCROcG2WD35GDqbDWd0srUd99JmPMkK\/view?usp=sharing\" target=\"_blank\" rel=\"noreferrer noopener\"><img src=\"https:\/\/cplarraga.educacion.navarra.es\/web\/wp-content\/uploads\/2020\/12\/score.png\"><\/a>\n\n\n\n<hr class=\"wp-block-separator\"\/>\n\n\n\n<p>V\u00eddeo. <strong>C\u00f3mo acceder al correo electr\u00f3nico.<\/strong><\/p>\n\n\n\n<a href=\"https:\/\/drive.google.com\/file\/d\/1E2wpvHUjJc6Ldqz_SIGM6a_iyil6Fz_J\/view?usp=sharing\" target=\"_blank\" rel=\"noreferrer noopener\"><img src=\"https:\/\/cplarraga.educacion.navarra.es\/web\/wp-content\/uploads\/2020\/10\/youtubeAzul.jpg\"><\/a>\n\n\n\n<hr class=\"wp-block-separator\"\/>\n\n\n\n<p>V\u00eddeo. <strong>C\u00f3mo para cambiar la contrase\u00f1a de correo electr\u00f3nico del alumnado.<\/strong><\/p>\n\n\n\n<a href=\"https:\/\/drive.google.com\/file\/d\/10W8KaUXGHeZ_vQ1xYdD7X8I_AAli_pLG\/view?usp=sharing\" target=\"_blank\" rel=\"noreferrer noopener\"><img src=\"https:\/\/cplarraga.educacion.navarra.es\/web\/wp-content\/uploads\/2020\/10\/Clic_Youtube.jpg\"><\/a>\n\n\n\n<figure class=\"wp-block-embed is-type-video is-provider-youtube wp-block-embed-youtube wp-embed-aspect-16-9 wp-has-aspect-ratio\"><div class=\"wp-block-embed__wrapper\">\n<iframe loading=\"lazy\" title=\"MedidasPreventivas\" width=\"500\" height=\"281\" src=\"https:\/\/www.youtube.com\/embed\/0fqX9nBgLfQ?feature=oembed\" frameborder=\"0\" allow=\"accelerometer; autoplay; clipboard-write; encrypted-media; gyroscope; picture-in-picture\" allowfullscreen><\/iframe>\n<\/div><\/figure>\n\n\n\n<hr class=\"wp-block-separator\"\/>\n","protected":false},"excerpt":{"rendered":"<p>Las familias para acceder al portal educa pueden pinchar en el enlace https:\/\/educages.navarra.es V\u00eddeo. Consulta del bolet\u00edn de notas de una alumna o alumno. V\u00eddeo. C\u00f3mo acceder al correo electr\u00f3nico. V\u00eddeo. C\u00f3mo para cambiar la contrase\u00f1a de correo electr\u00f3nico del alumnado.<\/p>\n","protected":false},"author":6,"featured_media":0,"parent":0,"menu_order":0,"comment_status":"closed","ping_status":"closed","template":"","meta":{"_genesis_hide_title":false,"_genesis_hide_breadcrumbs":false,"_genesis_hide_singular_image":false,"_genesis_hide_footer_widgets":false,"_genesis_custom_body_class":"","_genesis_custom_post_class":"","_genesis_layout":""},"_links":{"self":[{"href":"https:\/\/cplarraga.educacion.navarra.es\/web\/wp-json\/wp\/v2\/pages\/4387"}],"collection":[{"href":"https:\/\/cplarraga.educacion.navarra.es\/web\/wp-json\/wp\/v2\/pages"}],"about":[{"href":"https:\/\/cplarraga.educacion.navarra.es\/web\/wp-json\/wp\/v2\/types\/page"}],"author":[{"embeddable":true,"href":"https:\/\/cplarraga.educacion.navarra.es\/web\/wp-json\/wp\/v2\/users\/6"}],"replies":[{"embeddable":true,"href":"https:\/\/cplarraga.educacion.navarra.es\/web\/wp-json\/wp\/v2\/comments?post=4387"}],"version-history":[{"count":33,"href":"https:\/\/cplarraga.educacion.navarra.es\/web\/wp-json\/wp\/v2\/pages\/4387\/revisions"}],"predecessor-version":[{"id":5831,"href":"https:\/\/cplarraga.educacion.navarra.es\/web\/wp-json\/wp\/v2\/pages\/4387\/revisions\/5831"}],"wp:attachment":[{"href":"https:\/\/cplarraga.educacion.navarra.es\/web\/wp-json\/wp\/v2\/media?parent=4387"}],"curies":[{"name":"wp","href":"https:\/\/api.w.org\/{rel}","templated":true}]}}