{"id":4171,"date":"2020-06-03T11:03:30","date_gmt":"2020-06-03T09:03:30","guid":{"rendered":"https:\/\/cplarraga.educacion.navarra.es\/web\/?page_id=4171"},"modified":"2020-06-03T11:03:31","modified_gmt":"2020-06-03T09:03:31","slug":"chromebook","status":"publish","type":"page","link":"https:\/\/cplarraga.educacion.navarra.es\/web\/chromebook\/","title":{"rendered":"Chromebook"},"content":{"rendered":"\n<p>El Departamento de Educaci\u00f3n del Gobierno de Navarra en su impulso de la estrategia de transformaci\u00f3n digital educativa ikasNOVA,  ha creado unos v\u00eddeos relativos a los primeros pasos a tener en cuenta con los chromebooks.<\/p>\n\n\n\n<p>V\u00eddeo 1. <strong>C\u00f3mo iniciar sesi\u00f3n en un chromebook que no se ha encendido nunca.<\/strong><\/p>\n\n\n\n<figure class=\"wp-block-embed-youtube wp-block-embed is-type-video is-provider-youtube wp-embed-aspect-16-9 wp-has-aspect-ratio\"><div class=\"wp-block-embed__wrapper\">\n<iframe loading=\"lazy\" title=\"Registro de dispositivo\" width=\"500\" height=\"281\" src=\"https:\/\/www.youtube.com\/embed\/uCPhu6pzWTI?feature=oembed\" frameborder=\"0\" allow=\"accelerometer; autoplay; encrypted-media; gyroscope; picture-in-picture\" allowfullscreen><\/iframe>\n<\/div><\/figure>\n\n\n\n<p><\/p>\n\n\n\n<p>V\u00eddeo 2. <strong>C\u00f3mo conectar un chromebook a una red wifi existente.<\/strong><\/p>\n\n\n\n<figure class=\"wp-block-embed-youtube wp-block-embed is-type-video is-provider-youtube wp-embed-aspect-16-9 wp-has-aspect-ratio\"><div class=\"wp-block-embed__wrapper\">\n<iframe loading=\"lazy\" title=\"Conexio\u0301n wifi\" width=\"500\" height=\"281\" src=\"https:\/\/www.youtube.com\/embed\/nbNnGduY0qM?feature=oembed\" frameborder=\"0\" allow=\"accelerometer; autoplay; encrypted-media; gyroscope; picture-in-picture\" allowfullscreen><\/iframe>\n<\/div><\/figure>\n\n\n\n<p>V\u00eddeo 3.  <strong>C\u00f3mo conectar un chromebook por primera vez a una red wifi e iniciar sesi\u00f3n con una cuenta de correo.<\/strong><\/p>\n\n\n\n<figure class=\"wp-block-embed-youtube wp-block-embed is-type-video is-provider-youtube wp-embed-aspect-16-9 wp-has-aspect-ratio\"><div class=\"wp-block-embed__wrapper\">\n<iframe loading=\"lazy\" title=\"Chromebook HD\" width=\"500\" height=\"281\" src=\"https:\/\/www.youtube.com\/embed\/BSBXOQ_Zfjo?feature=oembed\" frameborder=\"0\" allow=\"accelerometer; autoplay; encrypted-media; gyroscope; picture-in-picture\" allowfullscreen><\/iframe>\n<\/div><\/figure>\n","protected":false},"excerpt":{"rendered":"<p>El Departamento de Educaci\u00f3n del Gobierno de Navarra en su impulso de la estrategia de transformaci\u00f3n digital educativa ikasNOVA, ha creado unos v\u00eddeos relativos a los primeros pasos a tener en cuenta con los chromebooks. V\u00eddeo 1. C\u00f3mo iniciar sesi\u00f3n en un chromebook que no se ha encendido nunca. V\u00eddeo 2. C\u00f3mo conectar un chromebook [&hellip;]<\/p>\n","protected":false},"author":6,"featured_media":0,"parent":0,"menu_order":0,"comment_status":"closed","ping_status":"closed","template":"","meta":{"_genesis_hide_title":false,"_genesis_hide_breadcrumbs":false,"_genesis_hide_singular_image":false,"_genesis_hide_footer_widgets":false,"_genesis_custom_body_class":"","_genesis_custom_post_class":"","_genesis_layout":""},"_links":{"self":[{"href":"https:\/\/cplarraga.educacion.navarra.es\/web\/wp-json\/wp\/v2\/pages\/4171"}],"collection":[{"href":"https:\/\/cplarraga.educacion.navarra.es\/web\/wp-json\/wp\/v2\/pages"}],"about":[{"href":"https:\/\/cplarraga.educacion.navarra.es\/web\/wp-json\/wp\/v2\/types\/page"}],"author":[{"embeddable":true,"href":"https:\/\/cplarraga.educacion.navarra.es\/web\/wp-json\/wp\/v2\/users\/6"}],"replies":[{"embeddable":true,"href":"https:\/\/cplarraga.educacion.navarra.es\/web\/wp-json\/wp\/v2\/comments?post=4171"}],"version-history":[{"count":1,"href":"https:\/\/cplarraga.educacion.navarra.es\/web\/wp-json\/wp\/v2\/pages\/4171\/revisions"}],"predecessor-version":[{"id":4172,"href":"https:\/\/cplarraga.educacion.navarra.es\/web\/wp-json\/wp\/v2\/pages\/4171\/revisions\/4172"}],"wp:attachment":[{"href":"https:\/\/cplarraga.educacion.navarra.es\/web\/wp-json\/wp\/v2\/media?parent=4171"}],"curies":[{"name":"wp","href":"https:\/\/api.w.org\/{rel}","templated":true}]}}