{"id":300,"date":"2019-01-17T12:07:12","date_gmt":"2019-01-17T11:07:12","guid":{"rendered":"https:\/\/cplarraga.educacion.navarra.es\/web\/?page_id=300"},"modified":"2019-02-21T11:55:37","modified_gmt":"2019-02-21T10:55:37","slug":"extraescolares","status":"publish","type":"page","link":"https:\/\/cplarraga.educacion.navarra.es\/web\/extraescolares\/","title":{"rendered":"Extraescolares"},"content":{"rendered":"<p>Con motivo de la jornada continua, se ofertan actividades extraescolares organizadas y actividades l\u00fadicas, con el objetivo de trabajar la educaci\u00f3n en el ocio y la convivencia.<\/p>\n<p>Unas actividades son coordinadas por el propio Centro escolar y otras por organizaciones privadas.<\/p>\n\n\n<table class=\"wp-block-table is-style-regular\"><tbody><tr><td>Grupos  edad<\/td><td>Horas<\/td><td>Lunes<\/td><td>Martes<\/td><td>Mi\u00e9rcoles<\/td><td>Jueves<\/td><\/tr><tr><td>Infantil<br><\/td><td>15:30-16:30<\/td><td><strong><em>Judo<\/em><\/strong><br>Talleres <\/td><td><strong><em>Gimnas\u00eda r\u00edtmica<\/em><\/strong><br>Cuentos<\/td><td><strong><em>Judo<\/em><\/strong><br>Juegos<\/td><td><strong><em>Teatro<br>Deporte<\/em><\/strong> <strong><em>escolar<\/em><\/strong><br>Talleres<\/td><\/tr><tr><td><\/td><td> 16:30-17:30 <br><\/td><td>Actividades l\u00fadicas \/ psicomotricidad<\/td><td><strong><em>Ingl\u00e9s (4-5 a\u00f1os)<\/em><\/strong><br>Actividades l\u00fadicas<\/td><td>Expresi\u00f3n corporal y psicomotricidad<\/td><td><strong><em>Zumba<br>Ingl\u00e9s (4-5 a\u00f1os<\/em><\/strong>)<br>Actividades l\u00fadicas<\/td><\/tr><tr><td>1er Ciclo<br><\/td><td>15:30-16:30<\/td><td><strong><em>Judo<br>M\u00fasica (2\u00baa\u00f1o)<br>Zumba<br>Ingl\u00e9s (2\u00ba)<\/em><\/strong><br>Ludoteca, tareas<\/td><td><strong><em>Gimnasia r\u00edtmica<\/em><\/strong><br>Ludoteca, tareas<\/td><td><strong><em>Judo<br>M\u00fasica (2\u00ba a\u00f1o)<br>Zumba<br>Ingl\u00e9s (2\u00ba)<\/em><\/strong><br>Ludoteca, tareas<\/td><td><strong><em>Teatro<\/em><\/strong><br>Ludoteca, tareas<\/td><\/tr><tr><td><\/td><td>16:30-17:30<br><\/td><td><strong><em>Deporte escolar<\/em><\/strong><br>Talleres<br>Euskera<\/td><td><strong><em>Yoga<br>Ingl\u00e9s (1\u00ba)<br>M\u00fasica (nuevos)<\/em><\/strong><br>Cine: educaci\u00f3n emocional<\/td><td>Talleres<\/td><td><strong><em>Zumba<br>Ingl\u00e9s<br>M\u00fasica (nuevos)<br>Ingl\u00e9s (1\u00ba)<\/em><\/strong><br>Cuentos y talleres<\/td><\/tr><tr><td>2\u00ba Ciclo<\/td><td>15:30-16:30<\/td><td><strong><em>Judo<br>Zumba<br>Ingl\u00e9s<br>M\u00fasica (2\u00ba a\u00f1o)<\/em><\/strong><br>Tarea escolar \/ ludoteca<\/td><td><strong>M\u00fasica (3\u00ba a\u00f1o)<br>Gimnasia r\u00edtmica<\/strong><\/td><td>J<strong><em>udo<br>Zumba<br>Ingl\u00e9s<br>M\u00fasica (2\u00ba a\u00f1o)<\/em><\/strong><br>Tarea escolar \/ ludoteca<br><\/td><td><strong><em>M\u00fasica (3\u00ba a\u00f1o)<br>Zumba<\/em><\/strong><br>Tarea escolar \/ ludoteca<br><\/td><\/tr><tr><td><\/td><td>16:30- 17:30<\/td><td><strong><em>Inteligencia emocional<br>M\u00fasica (4\u00ba a\u00f1o)<br>Deporte escolar (3\u00ba)<\/em><\/strong><br>Talleres<br>Esukera<br><\/td><td><strong>Yoga<\/strong><br>Expresi\u00f3n corporal, movimientos, juegos<\/td><td><strong><em>Inteligencia emocional<br>M\u00fasica (4\u00ba a\u00f1o)<\/em><\/strong><br>Talleres<\/td><td><strong><em>Teatro<br>Deporte escolar (4\u00ba)<\/em><\/strong><br>Inform\u00e1tica: juegos, textos, enternet<br>Juegos<br><\/td><\/tr><tr><td>3er Ciclo<\/td><td>15:30-16:30<\/td><td><strong><em>Ingl\u00e9s<br>Judo<br>Zumba<\/em><\/strong><br>Tarea \/ estudio<\/td><td><strong><em>Gimnasia r\u00edtmica<\/em><\/strong><br>Tarea escolar \/ estudio<br><\/td><td><strong><em>Ingl\u00e9s<br>Judo<br>Zumba<\/em><\/strong><br>Tarea escolar \/ estudio<\/td><td><strong><em>Zumba<\/em><\/strong><br>Tarea escolar \/ estudio<br><\/td><\/tr><tr><td><\/td><td>16:30-17:30<\/td><td><strong><em>Inteligencia emocional<br>M\u00fasica (4\u00ba a\u00f1o)<\/em><\/strong><br>Talleres<br>Euskera<\/td><td><strong><em>Yoga<\/em><\/strong><br>Inform\u00e1tica: juegos, mecanograf\u00eda, textos, internet<br>Juegos<\/td><td><strong><em>Inteligencia emocional<br>M\u00fasica (4\u00ba a\u00f1o)<\/em><\/strong><br>Talleres<\/td><td><strong><em>Teatro<br>Deporte escolar<\/em><\/strong><br>Expresi\u00f3n corporal, movimiento y juegos<\/td><\/tr><\/tbody><\/table>\n\n\n\n<p>As\u00ed mismo, para una buena organizaci\u00f3n y funcionamiento de las mismas ser\u00e1 necesario cumplir una serie de NORMAS:<\/p>\n\n\n\n<ul><li>\u0097Los alumnos\/as acudir\u00e1n al Centro S\u00d3LO los d\u00edas y horas que les corresponda de la actividad elegida.<\/li><li>El Centro se cerrar\u00e1 5 MINUTOS despu\u00e9s de empezar cada actividad y no se podr\u00e1 acceder al mismo ni abandonarlo sin control y petici\u00f3n expresa.<\/li><li>El alumnado no podr\u00e1 ir a otras aulas distintas de las asignadas cuando est\u00e9n en sus respectivas actividades.<\/li><li>Se realizar\u00e1 un control de asistencia de los alumnos participantes en los diferentes talleres y actividades. Los padres deber\u00e1n justificar, con una NOTA ENTREGADA AL\u00a0 MONITOR\/PROFESOR\u00a0 AL D\u00cdA SIGUIENTE DE LA FALTA, la causa de la ausencia.<\/li><li>Con 3 FALTAS DE ASISTENCIA SIN JUSTIFICAR, se dar\u00e1 de baja al alumno\/a de la actividad que ven\u00eda realizando y su plaza, se cubrir\u00e1 con el siguiente alumno\/a en lista de espera, si la hubiera.<\/li><li>Si se plantea un PROBLEMA DE DISCIPLINA, el monitor\/profesor har\u00e1 un parte de incidencias y se tomar\u00e1n las medidas oportunas, pudiendo ser \u00e9stas la expulsi\u00f3n de la actividad, temporal o permanentemente.<\/li><\/ul>\n","protected":false},"excerpt":{"rendered":"<p>Con motivo de la jornada continua, se ofertan actividades extraescolares organizadas y actividades l\u00fadicas, con el objetivo de trabajar la educaci\u00f3n en el ocio y la convivencia. Unas actividades son coordinadas por el propio Centro escolar y otras por organizaciones privadas. Grupos edad Horas Lunes Martes Mi\u00e9rcoles Jueves Infantil 15:30-16:30 JudoTalleres Gimnas\u00eda r\u00edtmicaCuentos JudoJuegos TeatroDeporte [&hellip;]<\/p>\n","protected":false},"author":6,"featured_media":0,"parent":0,"menu_order":0,"comment_status":"closed","ping_status":"closed","template":"","meta":{"_genesis_hide_title":false,"_genesis_hide_breadcrumbs":false,"_genesis_hide_singular_image":false,"_genesis_hide_footer_widgets":false,"_genesis_custom_body_class":"","_genesis_custom_post_class":"","_genesis_layout":""},"_links":{"self":[{"href":"https:\/\/cplarraga.educacion.navarra.es\/web\/wp-json\/wp\/v2\/pages\/300"}],"collection":[{"href":"https:\/\/cplarraga.educacion.navarra.es\/web\/wp-json\/wp\/v2\/pages"}],"about":[{"href":"https:\/\/cplarraga.educacion.navarra.es\/web\/wp-json\/wp\/v2\/types\/page"}],"author":[{"embeddable":true,"href":"https:\/\/cplarraga.educacion.navarra.es\/web\/wp-json\/wp\/v2\/users\/6"}],"replies":[{"embeddable":true,"href":"https:\/\/cplarraga.educacion.navarra.es\/web\/wp-json\/wp\/v2\/comments?post=300"}],"version-history":[{"count":34,"href":"https:\/\/cplarraga.educacion.navarra.es\/web\/wp-json\/wp\/v2\/pages\/300\/revisions"}],"predecessor-version":[{"id":702,"href":"https:\/\/cplarraga.educacion.navarra.es\/web\/wp-json\/wp\/v2\/pages\/300\/revisions\/702"}],"wp:attachment":[{"href":"https:\/\/cplarraga.educacion.navarra.es\/web\/wp-json\/wp\/v2\/media?parent=300"}],"curies":[{"name":"wp","href":"https:\/\/api.w.org\/{rel}","templated":true}]}}