{"id":298,"date":"2019-01-17T12:05:34","date_gmt":"2019-01-17T11:05:34","guid":{"rendered":"https:\/\/cplarraga.educacion.navarra.es\/web\/?page_id=298"},"modified":"2020-01-13T10:32:48","modified_gmt":"2020-01-13T09:32:48","slug":"comedor","status":"publish","type":"page","link":"https:\/\/cplarraga.educacion.navarra.es\/web\/comedor\/","title":{"rendered":"Comedor"},"content":{"rendered":"<p>Un grupo de profesionales atiende al alumnado haciendo del comedor un espacio educativo, de ocio y convivencia. <strong>Ausolan-jangarria<\/strong> es la empresa que nos suministra la comida.<\/p>\n<p>Este servicio se puede utilizar todos los d\u00edas o de forma espor\u00e1dica. Se elaboran men\u00fas especiales y personalizados para el alumnado con diferentes tipos de alergias e intolerancias alimenticias.<\/p>\n<p>En un ambiente tranquilo, aprenden a comer todo tipo de alimentos, de manera sana y equilibrada, y a comportarse de forma adecuada en la mesa.<\/p>\n<p><strong>El servicio se organiza en un turno:<\/strong><\/p>\n<p>De 14:00 a 15:30<\/p>\n\n\n<div class=\"wp-block-image\"><figure class=\"aligncenter is-resized\"><a href=\"https:\/\/drive.google.com\/file\/d\/0B1HGk4MQh956NG5xZi1sTGxEMWh5ME1RbW0xR1ZyZ2p4TEtj\/view?usp=sharing\" target=\"_blank\" rel=\"noreferrer noopener\"><img loading=\"lazy\" src=\"https:\/\/cplarraga.educacion.navarra.es\/web\/wp-content\/uploads\/2019\/03\/Menu.png\" alt=\"Men\u00fa Colegio P\u00fablico Larraga\" class=\"wp-image-1196\" width=\"680\" height=\"340\" srcset=\"https:\/\/cplarraga.educacion.navarra.es\/web\/wp-content\/uploads\/2019\/03\/Menu.png 680w, https:\/\/cplarraga.educacion.navarra.es\/web\/wp-content\/uploads\/2019\/03\/Menu-300x150.png 300w\" sizes=\"(max-width: 680px) 100vw, 680px\" \/><\/a><figcaption>PINCHE EN LA FOTOGRAF\u00cdA PARA CONSULAR EL MEN\u00da<\/figcaption><\/figure><\/div>\n","protected":false},"excerpt":{"rendered":"<p>Un grupo de profesionales atiende al alumnado haciendo del comedor un espacio educativo, de ocio y convivencia. Ausolan-jangarria es la empresa que nos suministra la comida. Este servicio se puede utilizar todos los d\u00edas o de forma espor\u00e1dica. Se elaboran men\u00fas especiales y personalizados para el alumnado con diferentes tipos de alergias e intolerancias alimenticias. [&hellip;]<\/p>\n","protected":false},"author":6,"featured_media":0,"parent":0,"menu_order":0,"comment_status":"closed","ping_status":"closed","template":"","meta":{"_genesis_hide_title":false,"_genesis_hide_breadcrumbs":false,"_genesis_hide_singular_image":false,"_genesis_hide_footer_widgets":false,"_genesis_custom_body_class":"","_genesis_custom_post_class":"","_genesis_layout":""},"_links":{"self":[{"href":"https:\/\/cplarraga.educacion.navarra.es\/web\/wp-json\/wp\/v2\/pages\/298"}],"collection":[{"href":"https:\/\/cplarraga.educacion.navarra.es\/web\/wp-json\/wp\/v2\/pages"}],"about":[{"href":"https:\/\/cplarraga.educacion.navarra.es\/web\/wp-json\/wp\/v2\/types\/page"}],"author":[{"embeddable":true,"href":"https:\/\/cplarraga.educacion.navarra.es\/web\/wp-json\/wp\/v2\/users\/6"}],"replies":[{"embeddable":true,"href":"https:\/\/cplarraga.educacion.navarra.es\/web\/wp-json\/wp\/v2\/comments?post=298"}],"version-history":[{"count":13,"href":"https:\/\/cplarraga.educacion.navarra.es\/web\/wp-json\/wp\/v2\/pages\/298\/revisions"}],"predecessor-version":[{"id":2911,"href":"https:\/\/cplarraga.educacion.navarra.es\/web\/wp-json\/wp\/v2\/pages\/298\/revisions\/2911"}],"wp:attachment":[{"href":"https:\/\/cplarraga.educacion.navarra.es\/web\/wp-json\/wp\/v2\/media?parent=298"}],"curies":[{"name":"wp","href":"https:\/\/api.w.org\/{rel}","templated":true}]}}