{"id":2892,"date":"2019-12-20T11:57:55","date_gmt":"2019-12-20T10:57:55","guid":{"rendered":"https:\/\/cplarraga.educacion.navarra.es\/web\/?page_id=2892"},"modified":"2019-12-20T12:06:50","modified_gmt":"2019-12-20T11:06:50","slug":"2019-ultimo-dia-de-clase","status":"publish","type":"page","link":"https:\/\/cplarraga.educacion.navarra.es\/web\/2019-ultimo-dia-de-clase\/","title":{"rendered":"2019 \u00daltimo d\u00eda de clase"},"content":{"rendered":"\n<p>20 De diciembe, \u00faltimo d\u00eda clase antes de la vacaciones. Multitud de actividades y talleres a lo largo de d\u00eda.<\/p>\n\n\n\n<ul><li>Sorteo de las cestas solidarias para donar la recuadaci\u00f3n a la Fundaci\u00f3n Merece la pena.<\/li><li>Rico almuerzo de tostadas con aceite gracias a las abuelas y abuelos del pueblo.<\/li><li>Visita a los belenes y talleres navide\u00f1os.<\/li><\/ul>\n\n\n<p><!--EndFragment--><\/p>\n\n\n<div class=\"wp-block-image\"><figure class=\"aligncenter size-large is-resized\"><img loading=\"lazy\" src=\"https:\/\/cplarraga.educacion.navarra.es\/web\/wp-content\/uploads\/2019\/12\/20191220_Tostadas-Cestas_BelenesIMG_4274-1024x768.jpg\" alt=\"\" class=\"wp-image-2888\" width=\"768\" height=\"576\" srcset=\"https:\/\/cplarraga.educacion.navarra.es\/web\/wp-content\/uploads\/2019\/12\/20191220_Tostadas-Cestas_BelenesIMG_4274-1024x768.jpg 1024w, https:\/\/cplarraga.educacion.navarra.es\/web\/wp-content\/uploads\/2019\/12\/20191220_Tostadas-Cestas_BelenesIMG_4274-300x225.jpg 300w, https:\/\/cplarraga.educacion.navarra.es\/web\/wp-content\/uploads\/2019\/12\/20191220_Tostadas-Cestas_BelenesIMG_4274-768x576.jpg 768w, https:\/\/cplarraga.educacion.navarra.es\/web\/wp-content\/uploads\/2019\/12\/20191220_Tostadas-Cestas_BelenesIMG_4274-1536x1152.jpg 1536w, https:\/\/cplarraga.educacion.navarra.es\/web\/wp-content\/uploads\/2019\/12\/20191220_Tostadas-Cestas_BelenesIMG_4274.jpg 2016w\" sizes=\"(max-width: 768px) 100vw, 768px\" \/><\/figure><\/div>\n\n\n\n<div class=\"wp-block-image\"><figure class=\"aligncenter size-large is-resized\"><img loading=\"lazy\" src=\"https:\/\/cplarraga.educacion.navarra.es\/web\/wp-content\/uploads\/2019\/12\/20191220_Tostadas-Cestas_Belenes_IMG_4279-1024x768.jpg\" alt=\"\" class=\"wp-image-2884\" width=\"768\" height=\"576\" srcset=\"https:\/\/cplarraga.educacion.navarra.es\/web\/wp-content\/uploads\/2019\/12\/20191220_Tostadas-Cestas_Belenes_IMG_4279-1024x768.jpg 1024w, https:\/\/cplarraga.educacion.navarra.es\/web\/wp-content\/uploads\/2019\/12\/20191220_Tostadas-Cestas_Belenes_IMG_4279-300x225.jpg 300w, https:\/\/cplarraga.educacion.navarra.es\/web\/wp-content\/uploads\/2019\/12\/20191220_Tostadas-Cestas_Belenes_IMG_4279-768x576.jpg 768w, https:\/\/cplarraga.educacion.navarra.es\/web\/wp-content\/uploads\/2019\/12\/20191220_Tostadas-Cestas_Belenes_IMG_4279-1536x1152.jpg 1536w, https:\/\/cplarraga.educacion.navarra.es\/web\/wp-content\/uploads\/2019\/12\/20191220_Tostadas-Cestas_Belenes_IMG_4279.jpg 1747w\" sizes=\"(max-width: 768px) 100vw, 768px\" \/><\/figure><\/div>\n\n\n\n<div class=\"wp-block-image\"><figure class=\"aligncenter size-large is-resized\"><img loading=\"lazy\" src=\"https:\/\/cplarraga.educacion.navarra.es\/web\/wp-content\/uploads\/2019\/12\/20191220_Tostadas-Cestas_Belenes_IMG_4277-1024x768.jpg\" alt=\"\" class=\"wp-image-2882\" width=\"768\" height=\"576\" srcset=\"https:\/\/cplarraga.educacion.navarra.es\/web\/wp-content\/uploads\/2019\/12\/20191220_Tostadas-Cestas_Belenes_IMG_4277-1024x768.jpg 1024w, https:\/\/cplarraga.educacion.navarra.es\/web\/wp-content\/uploads\/2019\/12\/20191220_Tostadas-Cestas_Belenes_IMG_4277-300x225.jpg 300w, https:\/\/cplarraga.educacion.navarra.es\/web\/wp-content\/uploads\/2019\/12\/20191220_Tostadas-Cestas_Belenes_IMG_4277-768x576.jpg 768w, https:\/\/cplarraga.educacion.navarra.es\/web\/wp-content\/uploads\/2019\/12\/20191220_Tostadas-Cestas_Belenes_IMG_4277.jpg 1280w\" sizes=\"(max-width: 768px) 100vw, 768px\" \/><\/figure><\/div>\n\n\n\n<div class=\"wp-block-image\"><figure class=\"aligncenter size-large is-resized\"><img loading=\"lazy\" src=\"https:\/\/cplarraga.educacion.navarra.es\/web\/wp-content\/uploads\/2019\/12\/20191220_Tostadas-Cestas_Belenes_IMG_4277-1024x768.jpg\" alt=\"\" class=\"wp-image-2882\" width=\"768\" height=\"576\" srcset=\"https:\/\/cplarraga.educacion.navarra.es\/web\/wp-content\/uploads\/2019\/12\/20191220_Tostadas-Cestas_Belenes_IMG_4277-1024x768.jpg 1024w, https:\/\/cplarraga.educacion.navarra.es\/web\/wp-content\/uploads\/2019\/12\/20191220_Tostadas-Cestas_Belenes_IMG_4277-300x225.jpg 300w, https:\/\/cplarraga.educacion.navarra.es\/web\/wp-content\/uploads\/2019\/12\/20191220_Tostadas-Cestas_Belenes_IMG_4277-768x576.jpg 768w, https:\/\/cplarraga.educacion.navarra.es\/web\/wp-content\/uploads\/2019\/12\/20191220_Tostadas-Cestas_Belenes_IMG_4277.jpg 1280w\" sizes=\"(max-width: 768px) 100vw, 768px\" \/><\/figure><\/div>\n\n\n\n<div class=\"wp-block-image\"><figure class=\"aligncenter size-large is-resized\"><img loading=\"lazy\" src=\"https:\/\/cplarraga.educacion.navarra.es\/web\/wp-content\/uploads\/2019\/12\/20191220_Tostadas-Cestas_Belenes_IMG_4276-1024x769.jpg\" alt=\"\" class=\"wp-image-2881\" width=\"768\" height=\"577\" srcset=\"https:\/\/cplarraga.educacion.navarra.es\/web\/wp-content\/uploads\/2019\/12\/20191220_Tostadas-Cestas_Belenes_IMG_4276-1024x769.jpg 1024w, https:\/\/cplarraga.educacion.navarra.es\/web\/wp-content\/uploads\/2019\/12\/20191220_Tostadas-Cestas_Belenes_IMG_4276-300x225.jpg 300w, https:\/\/cplarraga.educacion.navarra.es\/web\/wp-content\/uploads\/2019\/12\/20191220_Tostadas-Cestas_Belenes_IMG_4276-768x576.jpg 768w, https:\/\/cplarraga.educacion.navarra.es\/web\/wp-content\/uploads\/2019\/12\/20191220_Tostadas-Cestas_Belenes_IMG_4276.jpg 1527w\" sizes=\"(max-width: 768px) 100vw, 768px\" \/><\/figure><\/div>\n\n\n\n<div class=\"wp-block-image\"><figure class=\"aligncenter size-large is-resized\"><img loading=\"lazy\" src=\"https:\/\/cplarraga.educacion.navarra.es\/web\/wp-content\/uploads\/2019\/12\/20191220_Tostadas-Cestas_Belenes_IMG_4281-1024x768.jpg\" alt=\"\" class=\"wp-image-2886\" width=\"768\" height=\"576\" srcset=\"https:\/\/cplarraga.educacion.navarra.es\/web\/wp-content\/uploads\/2019\/12\/20191220_Tostadas-Cestas_Belenes_IMG_4281-1024x768.jpg 1024w, https:\/\/cplarraga.educacion.navarra.es\/web\/wp-content\/uploads\/2019\/12\/20191220_Tostadas-Cestas_Belenes_IMG_4281-300x225.jpg 300w, https:\/\/cplarraga.educacion.navarra.es\/web\/wp-content\/uploads\/2019\/12\/20191220_Tostadas-Cestas_Belenes_IMG_4281-768x576.jpg 768w, https:\/\/cplarraga.educacion.navarra.es\/web\/wp-content\/uploads\/2019\/12\/20191220_Tostadas-Cestas_Belenes_IMG_4281-1536x1152.jpg 1536w, https:\/\/cplarraga.educacion.navarra.es\/web\/wp-content\/uploads\/2019\/12\/20191220_Tostadas-Cestas_Belenes_IMG_4281.jpg 1778w\" sizes=\"(max-width: 768px) 100vw, 768px\" \/><\/figure><\/div>\n","protected":false},"excerpt":{"rendered":"<p>20 De diciembe, \u00faltimo d\u00eda clase antes de la vacaciones. Multitud de actividades y talleres a lo largo de d\u00eda. Sorteo de las cestas solidarias para donar la recuadaci\u00f3n a la Fundaci\u00f3n Merece la pena. Rico almuerzo de tostadas con aceite gracias a las abuelas y abuelos del pueblo. Visita a los belenes y talleres [&hellip;]<\/p>\n","protected":false},"author":6,"featured_media":0,"parent":0,"menu_order":0,"comment_status":"closed","ping_status":"closed","template":"","meta":{"_genesis_hide_title":false,"_genesis_hide_breadcrumbs":false,"_genesis_hide_singular_image":false,"_genesis_hide_footer_widgets":false,"_genesis_custom_body_class":"","_genesis_custom_post_class":"","_genesis_layout":""},"_links":{"self":[{"href":"https:\/\/cplarraga.educacion.navarra.es\/web\/wp-json\/wp\/v2\/pages\/2892"}],"collection":[{"href":"https:\/\/cplarraga.educacion.navarra.es\/web\/wp-json\/wp\/v2\/pages"}],"about":[{"href":"https:\/\/cplarraga.educacion.navarra.es\/web\/wp-json\/wp\/v2\/types\/page"}],"author":[{"embeddable":true,"href":"https:\/\/cplarraga.educacion.navarra.es\/web\/wp-json\/wp\/v2\/users\/6"}],"replies":[{"embeddable":true,"href":"https:\/\/cplarraga.educacion.navarra.es\/web\/wp-json\/wp\/v2\/comments?post=2892"}],"version-history":[{"count":6,"href":"https:\/\/cplarraga.educacion.navarra.es\/web\/wp-json\/wp\/v2\/pages\/2892\/revisions"}],"predecessor-version":[{"id":2899,"href":"https:\/\/cplarraga.educacion.navarra.es\/web\/wp-json\/wp\/v2\/pages\/2892\/revisions\/2899"}],"wp:attachment":[{"href":"https:\/\/cplarraga.educacion.navarra.es\/web\/wp-json\/wp\/v2\/media?parent=2892"}],"curies":[{"name":"wp","href":"https:\/\/api.w.org\/{rel}","templated":true}]}}