{"id":286,"date":"2019-01-17T11:47:33","date_gmt":"2019-01-17T10:47:33","guid":{"rendered":"https:\/\/cplarraga.educacion.navarra.es\/web\/?page_id=286"},"modified":"2019-03-29T20:43:51","modified_gmt":"2019-03-29T19:43:51","slug":"docencia-compartida","status":"publish","type":"page","link":"https:\/\/cplarraga.educacion.navarra.es\/web\/docencia-compartida\/","title":{"rendered":"Docencia compartida"},"content":{"rendered":"<p>La docencia compartida supone la <span style=\"color: #000000\"><strong>actuaci\u00f3n conjunta del profesorado en las aulas<\/strong><\/span>, colaborando para promover interacciones de aprendizaje y participaci\u00f3n en el alumnado.<\/p>\n<p>Las decisiones que se toman en el aula han de ser consensuadas previamente, lo cual minimiza errores, permite complementar con diferentes puntos de vistas, ideas, experiencias, conocimientos, habilidades\u2026 de los diferentes profesores\/as.<\/p>\n<p>Tambi\u00e9n permite trabajar con grupos m\u00e1s peque\u00f1os de alumnos\/as y atenderlos de manera m\u00e1s individualizada. Asimismo, se les puede observar y evaluar de manera mucho m\u00e1s precisa.<\/p>\n<p>Se pueden manejar <strong><span style=\"color: #000000\">materiales distintos<\/span><\/strong> o trabajar distintas tareas en una misma clase, se da respuesta inmediata a cualquier contingencia y hay una <strong><span style=\"color: #000000\">mayor atenci\u00f3n a la diversidad, as\u00ed como a un hecho disruptivo en el aula.<\/span><\/strong><\/p>\n","protected":false},"excerpt":{"rendered":"<p>La docencia compartida supone la actuaci\u00f3n conjunta del profesorado en las aulas, colaborando para promover interacciones de aprendizaje y participaci\u00f3n en el alumnado. Las decisiones que se toman en el aula han de ser consensuadas previamente, lo cual minimiza errores, permite complementar con diferentes puntos de vistas, ideas, experiencias, conocimientos, habilidades\u2026 de los diferentes profesores\/as. [&hellip;]<\/p>\n","protected":false},"author":6,"featured_media":0,"parent":0,"menu_order":0,"comment_status":"closed","ping_status":"closed","template":"","meta":{"_genesis_hide_title":false,"_genesis_hide_breadcrumbs":false,"_genesis_hide_singular_image":false,"_genesis_hide_footer_widgets":false,"_genesis_custom_body_class":"","_genesis_custom_post_class":"","_genesis_layout":""},"_links":{"self":[{"href":"https:\/\/cplarraga.educacion.navarra.es\/web\/wp-json\/wp\/v2\/pages\/286"}],"collection":[{"href":"https:\/\/cplarraga.educacion.navarra.es\/web\/wp-json\/wp\/v2\/pages"}],"about":[{"href":"https:\/\/cplarraga.educacion.navarra.es\/web\/wp-json\/wp\/v2\/types\/page"}],"author":[{"embeddable":true,"href":"https:\/\/cplarraga.educacion.navarra.es\/web\/wp-json\/wp\/v2\/users\/6"}],"replies":[{"embeddable":true,"href":"https:\/\/cplarraga.educacion.navarra.es\/web\/wp-json\/wp\/v2\/comments?post=286"}],"version-history":[{"count":2,"href":"https:\/\/cplarraga.educacion.navarra.es\/web\/wp-json\/wp\/v2\/pages\/286\/revisions"}],"predecessor-version":[{"id":1344,"href":"https:\/\/cplarraga.educacion.navarra.es\/web\/wp-json\/wp\/v2\/pages\/286\/revisions\/1344"}],"wp:attachment":[{"href":"https:\/\/cplarraga.educacion.navarra.es\/web\/wp-json\/wp\/v2\/media?parent=286"}],"curies":[{"name":"wp","href":"https:\/\/api.w.org\/{rel}","templated":true}]}}