{"id":284,"date":"2019-01-17T11:45:44","date_gmt":"2019-01-17T10:45:44","guid":{"rendered":"https:\/\/cplarraga.educacion.navarra.es\/web\/?page_id=284"},"modified":"2019-01-17T11:45:44","modified_gmt":"2019-01-17T10:45:44","slug":"tertulias-literarias-dialogicas","status":"publish","type":"page","link":"https:\/\/cplarraga.educacion.navarra.es\/web\/tertulias-literarias-dialogicas\/","title":{"rendered":"Tertulias literarias dial\u00f3gicas"},"content":{"rendered":"<p>Las tertulias dial\u00f3gicas se consideran una actuaci\u00f3n de \u00e9xito que supone la construcci\u00f3n colectiva de significado y conocimiento basado en el aprendizaje dial\u00f3gico.<\/p>\n<p>Las personas participantes en la tertulia acuden a \u00e9sta con la lectura hecha de las p\u00e1ginas acordadas y, una vez en el espacio de tertulia, dialogan sobre el contenido del texto o de los temas que se derivan de la lectura.<\/p>\n<p>Una persona asume el rol de moderadora de la tertulia.<\/p>\n<p>Las tertulias literarias dial\u00f3gicas no solamente constituyen una oportunidad de acercarse a la literatura. Al fomentar el di\u00e1logo e intercambio de interpretaciones derivadas de la lectura de la obra, se construye conocimiento compartido a partir del texto le\u00eddo, se refuerza una lectura cr\u00edtica y la comprensi\u00f3n lectora, mejoran habilidades cognitivas en relaci\u00f3n con la lectura.<\/p>\n<p>Esta mejora de aprendizajes globales y de comprensi\u00f3n lectora se acompa\u00f1a de mejoras en aspectos m\u00e1s \u201ct\u00e9cnicos\u201d como vocabulario, ortograf\u00eda, hechos hist\u00f3ricos, formas de narraci\u00f3n, etc.<\/p>\n<p>Adem\u00e1s, se trabajan valores como la convivencia, el respeto, la tolerancia, la solidaridad, etc.<\/p>\n","protected":false},"excerpt":{"rendered":"<p>Las tertulias dial\u00f3gicas se consideran una actuaci\u00f3n de \u00e9xito que supone la construcci\u00f3n colectiva de significado y conocimiento basado en el aprendizaje dial\u00f3gico. Las personas participantes en la tertulia acuden a \u00e9sta con la lectura hecha de las p\u00e1ginas acordadas y, una vez en el espacio de tertulia, dialogan sobre el contenido del texto o [&hellip;]<\/p>\n","protected":false},"author":6,"featured_media":0,"parent":0,"menu_order":0,"comment_status":"closed","ping_status":"closed","template":"","meta":{"_genesis_hide_title":false,"_genesis_hide_breadcrumbs":false,"_genesis_hide_singular_image":false,"_genesis_hide_footer_widgets":false,"_genesis_custom_body_class":"","_genesis_custom_post_class":"","_genesis_layout":""},"_links":{"self":[{"href":"https:\/\/cplarraga.educacion.navarra.es\/web\/wp-json\/wp\/v2\/pages\/284"}],"collection":[{"href":"https:\/\/cplarraga.educacion.navarra.es\/web\/wp-json\/wp\/v2\/pages"}],"about":[{"href":"https:\/\/cplarraga.educacion.navarra.es\/web\/wp-json\/wp\/v2\/types\/page"}],"author":[{"embeddable":true,"href":"https:\/\/cplarraga.educacion.navarra.es\/web\/wp-json\/wp\/v2\/users\/6"}],"replies":[{"embeddable":true,"href":"https:\/\/cplarraga.educacion.navarra.es\/web\/wp-json\/wp\/v2\/comments?post=284"}],"version-history":[{"count":1,"href":"https:\/\/cplarraga.educacion.navarra.es\/web\/wp-json\/wp\/v2\/pages\/284\/revisions"}],"predecessor-version":[{"id":285,"href":"https:\/\/cplarraga.educacion.navarra.es\/web\/wp-json\/wp\/v2\/pages\/284\/revisions\/285"}],"wp:attachment":[{"href":"https:\/\/cplarraga.educacion.navarra.es\/web\/wp-json\/wp\/v2\/media?parent=284"}],"curies":[{"name":"wp","href":"https:\/\/api.w.org\/{rel}","templated":true}]}}