{"id":2514,"date":"2019-11-07T11:23:19","date_gmt":"2019-11-07T10:23:19","guid":{"rendered":"https:\/\/cplarraga.educacion.navarra.es\/web\/?page_id=2514"},"modified":"2019-11-07T11:35:27","modified_gmt":"2019-11-07T10:35:27","slug":"skolae","status":"publish","type":"page","link":"https:\/\/cplarraga.educacion.navarra.es\/web\/skolae\/","title":{"rendered":"Programa Skolae"},"content":{"rendered":"\n<p> Este a\u00f1o nuestro centro, el Colegio P\u00fablico San Miguel de Larraga, entra&nbsp; a formar parte del programa <strong>\u201cSKOLAE, creciendo en igualdad\u201d<\/strong>.&nbsp;<\/p>\n\n\n\n<p>\u00c9ste tiene dos objetivos claros. Por un lado, dar cumplimiento a la normativa vigente que nos obliga a <strong>integrar la igualdad en el sistema educativo<\/strong> y por otro, establecer una referencia organizada y sistem\u00e1tica para hacerlo a lo largo de <strong>todas las etapas educativas<\/strong> a cargo del profesorado y los centros,&nbsp; en colaboraci\u00f2n con el resto de la comunidad educativa, familias y entorno local m\u00e1s cercano.<\/p>\n\n\n\n<p>SKOLAE propone a lo largo de todas las etapas educativas, analizar, corregir y compensar actitudes y comportamientos que no conducen a la igualdad, adem\u00e1s, de mostrar e identificar aquellas actitudes y comportamientos que nos ayudar\u00e1n a conseguirla. <\/p>\n\n\n\n<p>Para llevar a cabo esta propuesta el profesorado del centro va a realizar una formaci\u00f3n espec\u00edfica y se ha creado una comisi\u00f3n que siga el programa y su ejecuci\u00f3n.<\/p>\n\n\n\n<p>Para saber m\u00e1s pueden consultar la p\u00e1gina web skolae.educacion.navarra.es<\/p>\n\n\n\n<div class=\"wp-block-image\"><figure class=\"aligncenter is-resized\"><a href=\"https:\/\/www.educacion.navarra.es\/web\/dpto\/skolae-familias\"><img loading=\"lazy\" src=\"https:\/\/cplarraga.educacion.navarra.es\/web\/wp-content\/uploads\/2019\/11\/Skolae.jpg\" alt=\"\" class=\"wp-image-2516\" width=\"488\" height=\"274\" srcset=\"https:\/\/cplarraga.educacion.navarra.es\/web\/wp-content\/uploads\/2019\/11\/Skolae.jpg 976w, https:\/\/cplarraga.educacion.navarra.es\/web\/wp-content\/uploads\/2019\/11\/Skolae-300x168.jpg 300w, https:\/\/cplarraga.educacion.navarra.es\/web\/wp-content\/uploads\/2019\/11\/Skolae-768x431.jpg 768w\" sizes=\"(max-width: 488px) 100vw, 488px\" \/><\/a><figcaption>Para mas informaci\u00f3n pinchar en la imagen<\/figcaption><\/figure><\/div>\n\n\n\n<p><\/p>\n","protected":false},"excerpt":{"rendered":"<p>Este a\u00f1o nuestro centro, el Colegio P\u00fablico San Miguel de Larraga, entra&nbsp; a formar parte del programa \u201cSKOLAE, creciendo en igualdad\u201d.&nbsp; \u00c9ste tiene dos objetivos claros. Por un lado, dar cumplimiento a la normativa vigente que nos obliga a integrar la igualdad en el sistema educativo y por otro, establecer una referencia organizada y sistem\u00e1tica [&hellip;]<\/p>\n","protected":false},"author":6,"featured_media":0,"parent":0,"menu_order":0,"comment_status":"closed","ping_status":"closed","template":"","meta":{"_genesis_hide_title":false,"_genesis_hide_breadcrumbs":false,"_genesis_hide_singular_image":false,"_genesis_hide_footer_widgets":false,"_genesis_custom_body_class":"","_genesis_custom_post_class":"","_genesis_layout":""},"_links":{"self":[{"href":"https:\/\/cplarraga.educacion.navarra.es\/web\/wp-json\/wp\/v2\/pages\/2514"}],"collection":[{"href":"https:\/\/cplarraga.educacion.navarra.es\/web\/wp-json\/wp\/v2\/pages"}],"about":[{"href":"https:\/\/cplarraga.educacion.navarra.es\/web\/wp-json\/wp\/v2\/types\/page"}],"author":[{"embeddable":true,"href":"https:\/\/cplarraga.educacion.navarra.es\/web\/wp-json\/wp\/v2\/users\/6"}],"replies":[{"embeddable":true,"href":"https:\/\/cplarraga.educacion.navarra.es\/web\/wp-json\/wp\/v2\/comments?post=2514"}],"version-history":[{"count":4,"href":"https:\/\/cplarraga.educacion.navarra.es\/web\/wp-json\/wp\/v2\/pages\/2514\/revisions"}],"predecessor-version":[{"id":2522,"href":"https:\/\/cplarraga.educacion.navarra.es\/web\/wp-json\/wp\/v2\/pages\/2514\/revisions\/2522"}],"wp:attachment":[{"href":"https:\/\/cplarraga.educacion.navarra.es\/web\/wp-json\/wp\/v2\/media?parent=2514"}],"curies":[{"name":"wp","href":"https:\/\/api.w.org\/{rel}","templated":true}]}}