{"id":237,"date":"2019-01-15T12:16:35","date_gmt":"2019-01-15T11:16:35","guid":{"rendered":"https:\/\/cplarraga.educacion.navarra.es\/web\/?page_id=237"},"modified":"2019-03-17T22:06:27","modified_gmt":"2019-03-17T21:06:27","slug":"fiestas","status":"publish","type":"page","link":"https:\/\/cplarraga.educacion.navarra.es\/web\/fiestas\/","title":{"rendered":"Fiestas"},"content":{"rendered":"<p>Queremos facilitar el desarrollo integral de todos los ni\u00f1os y de todas las ni\u00f1as en la sociedad actual, en un ambiente positivo con la implicaci\u00f3n y participaci\u00f3n de las familias.<\/p>\n<p>Conocer y participar en fiestas, tradiciones y costumbres de nuestro entorno, disfrutando y valor\u00e1ndolas como manifestaciones culturales es uno de los objetivos que pretendemos.<\/p>\n<p>Las fiestas son un reflejo de lo que ocurre en el entorno social m\u00e1s pr\u00f3ximo y participando en ellas, el alumnado comprende mejor el car\u00e1cter y significado de las mismas. Las distintas actividades que se organizan permiten la colaboraci\u00f3n y participaci\u00f3n de las familias.<\/p>\n<p>Todos los a\u00f1os celebramos:<\/p>\n<ul>\n<li>El casta\u00f1ero<\/li>\n<li>Visita a los Belenes del pueblo y d\u00eda de la tostada.<\/li>\n<li>D\u00eda del paje en Educaci\u00f3n Infantil.<\/li>\n<li>D\u00eda de la Paz y de la convivencia.<\/li>\n<li>Carnavales<\/li>\n<li>D\u00eda del libro.<\/li>\n<li>D\u00eda del deporte<\/li>\n<\/ul>\n","protected":false},"excerpt":{"rendered":"<p>Queremos facilitar el desarrollo integral de todos los ni\u00f1os y de todas las ni\u00f1as en la sociedad actual, en un ambiente positivo con la implicaci\u00f3n y participaci\u00f3n de las familias. Conocer y participar en fiestas, tradiciones y costumbres de nuestro entorno, disfrutando y valor\u00e1ndolas como manifestaciones culturales es uno de los objetivos que pretendemos. Las [&hellip;]<\/p>\n","protected":false},"author":6,"featured_media":0,"parent":0,"menu_order":0,"comment_status":"closed","ping_status":"closed","template":"","meta":{"_genesis_hide_title":false,"_genesis_hide_breadcrumbs":false,"_genesis_hide_singular_image":false,"_genesis_hide_footer_widgets":false,"_genesis_custom_body_class":"","_genesis_custom_post_class":"","_genesis_layout":""},"_links":{"self":[{"href":"https:\/\/cplarraga.educacion.navarra.es\/web\/wp-json\/wp\/v2\/pages\/237"}],"collection":[{"href":"https:\/\/cplarraga.educacion.navarra.es\/web\/wp-json\/wp\/v2\/pages"}],"about":[{"href":"https:\/\/cplarraga.educacion.navarra.es\/web\/wp-json\/wp\/v2\/types\/page"}],"author":[{"embeddable":true,"href":"https:\/\/cplarraga.educacion.navarra.es\/web\/wp-json\/wp\/v2\/users\/6"}],"replies":[{"embeddable":true,"href":"https:\/\/cplarraga.educacion.navarra.es\/web\/wp-json\/wp\/v2\/comments?post=237"}],"version-history":[{"count":2,"href":"https:\/\/cplarraga.educacion.navarra.es\/web\/wp-json\/wp\/v2\/pages\/237\/revisions"}],"predecessor-version":[{"id":1139,"href":"https:\/\/cplarraga.educacion.navarra.es\/web\/wp-json\/wp\/v2\/pages\/237\/revisions\/1139"}],"wp:attachment":[{"href":"https:\/\/cplarraga.educacion.navarra.es\/web\/wp-json\/wp\/v2\/media?parent=237"}],"curies":[{"name":"wp","href":"https:\/\/api.w.org\/{rel}","templated":true}]}}