{"id":234,"date":"2019-01-15T12:08:51","date_gmt":"2019-01-15T11:08:51","guid":{"rendered":"https:\/\/cplarraga.educacion.navarra.es\/web\/?page_id=234"},"modified":"2023-02-27T11:22:50","modified_gmt":"2023-02-27T10:22:50","slug":"comision-de-convivencia","status":"publish","type":"page","link":"https:\/\/cplarraga.educacion.navarra.es\/web\/comision-de-convivencia\/","title":{"rendered":"Comisi\u00f3n de convivencia"},"content":{"rendered":"<p>El Plan de Convivencia del centro forma parte del Proyecto Educativo del mismo. Es un documento en el que se establecen los criterios, objetivos y procedimientos por los que la comunidad educativa del colegio determina las acciones de prevenci\u00f3n, actuaci\u00f3n y evaluaci\u00f3n para la convivencia entre sus miembros.<\/p>\n<p>El Plan de Convivencia tiene como finalidad la mejora de la comunicaci\u00f3n entre los distintos agentes de la comunidad educativa y el desarrollo de valores democr\u00e1ticos y de ciudadan\u00eda como la tolerancia, la apreciaci\u00f3n de la diversidad y el di\u00e1logo entre sus miembros. Adem\u00e1s establecer los mecanismos adecuados para la prevenci\u00f3n y resoluci\u00f3n de situaciones de conflicto y\/o violencia.<\/p>\n<p>El Plan de Convivencia de nuestro centro, recoge, de forma organizada y expl\u00edcita, las diferentes actuaciones a llevar a cabo desde los diferentes \u00e1mbitos del colegio, dirigidas al desarrollo y uso de habilidades de socializaci\u00f3n y de estrategias de resoluci\u00f3n de conflictos.<\/p>\n<p>En concreto, algunas intervenciones de desarrollo del Plan se realizar\u00e1n a trav\u00e9s de las siguientes actuaciones:<\/p>\n<ul>\n<li>Formaci\u00f3n del Profesorado en el Plan de innovaci\u00f3n del Departamento de Educaci\u00f3n denominado \u201ccontrato &#8211; programa\u201d.<\/li>\n<li>Realizar actividades encaminadas a mejorar la convivencia y realizar una atenci\u00f3n a la diversidad m\u00e1s inclusiva.<\/li>\n<li>Seguimiento de las faltas de asistencia de los alumnos\/as.<\/li>\n<li>Recogida y seguimiento de los partes de disciplina.<\/li>\n<li>Formaci\u00f3n en tercer ciclo sobre el tema de acoso a trav\u00e9s de las redes.<\/li>\n<li>Llevar a cabo diferentes acciones relacionadas con la mejora de la convivencia intercultural<\/li>\n<\/ul>\n<p><strong><span style=\"color: #000000;\">Integrantes de la comisi\u00f3n de Convivencia:<\/span><\/strong><\/p>\n<ul>\n<li>Directora: Laura Muro.<\/li>\n<li>Jefa de Estudios: Natalia Azcona.<\/li>\n<li>Responsable de Convivencia: Inma Fl\u00f3rez.<\/li>\n<li>Orientadora: Blanca Conde.<\/li>\n<\/ul>\n","protected":false},"excerpt":{"rendered":"<p>El Plan de Convivencia del centro forma parte del Proyecto Educativo del mismo. Es un documento en el que se establecen los criterios, objetivos y procedimientos por los que la comunidad educativa del colegio determina las acciones de prevenci\u00f3n, actuaci\u00f3n y evaluaci\u00f3n para la convivencia entre sus miembros. El Plan de Convivencia tiene como finalidad [&hellip;]<\/p>\n","protected":false},"author":6,"featured_media":0,"parent":0,"menu_order":0,"comment_status":"closed","ping_status":"closed","template":"","meta":{"_genesis_hide_title":false,"_genesis_hide_breadcrumbs":false,"_genesis_hide_singular_image":false,"_genesis_hide_footer_widgets":false,"_genesis_custom_body_class":"","_genesis_custom_post_class":"","_genesis_layout":""},"_links":{"self":[{"href":"https:\/\/cplarraga.educacion.navarra.es\/web\/wp-json\/wp\/v2\/pages\/234"}],"collection":[{"href":"https:\/\/cplarraga.educacion.navarra.es\/web\/wp-json\/wp\/v2\/pages"}],"about":[{"href":"https:\/\/cplarraga.educacion.navarra.es\/web\/wp-json\/wp\/v2\/types\/page"}],"author":[{"embeddable":true,"href":"https:\/\/cplarraga.educacion.navarra.es\/web\/wp-json\/wp\/v2\/users\/6"}],"replies":[{"embeddable":true,"href":"https:\/\/cplarraga.educacion.navarra.es\/web\/wp-json\/wp\/v2\/comments?post=234"}],"version-history":[{"count":4,"href":"https:\/\/cplarraga.educacion.navarra.es\/web\/wp-json\/wp\/v2\/pages\/234\/revisions"}],"predecessor-version":[{"id":8551,"href":"https:\/\/cplarraga.educacion.navarra.es\/web\/wp-json\/wp\/v2\/pages\/234\/revisions\/8551"}],"wp:attachment":[{"href":"https:\/\/cplarraga.educacion.navarra.es\/web\/wp-json\/wp\/v2\/media?parent=234"}],"curies":[{"name":"wp","href":"https:\/\/api.w.org\/{rel}","templated":true}]}}