{"id":2179,"date":"2019-06-09T08:38:04","date_gmt":"2019-06-09T06:38:04","guid":{"rendered":"https:\/\/cplarraga.educacion.navarra.es\/web\/?page_id=2179"},"modified":"2019-06-09T08:38:04","modified_gmt":"2019-06-09T06:38:04","slug":"2019-medio-ambiente-mendigorria","status":"publish","type":"page","link":"https:\/\/cplarraga.educacion.navarra.es\/web\/2019-medio-ambiente-mendigorria\/","title":{"rendered":"2019 Medio ambiente, Mendigorr\u00eda"},"content":{"rendered":"\n<p>Muestra de los trabajos presentados por el Colegio P\u00fablico San Miguel de Larraga en la Jornada festiva de Mancomunidad de Valdizarbe en Mendigorr\u00eda el d\u00eda 8 de junio.<\/p>\n\n\n\n<figure class=\"wp-block-image\"><img loading=\"lazy\" width=\"1024\" height=\"768\" src=\"https:\/\/cplarraga.educacion.navarra.es\/web\/wp-content\/uploads\/2019\/06\/20190608_Mendigorria_1286-1024x768.jpg\" alt=\"\" class=\"wp-image-2170\" srcset=\"https:\/\/cplarraga.educacion.navarra.es\/web\/wp-content\/uploads\/2019\/06\/20190608_Mendigorria_1286-1024x768.jpg 1024w, https:\/\/cplarraga.educacion.navarra.es\/web\/wp-content\/uploads\/2019\/06\/20190608_Mendigorria_1286-300x225.jpg 300w, https:\/\/cplarraga.educacion.navarra.es\/web\/wp-content\/uploads\/2019\/06\/20190608_Mendigorria_1286-768x576.jpg 768w, https:\/\/cplarraga.educacion.navarra.es\/web\/wp-content\/uploads\/2019\/06\/20190608_Mendigorria_1286.jpg 1280w\" sizes=\"(max-width: 1024px) 100vw, 1024px\" \/><\/figure>\n\n\n\n<figure class=\"wp-block-image\"><img loading=\"lazy\" width=\"1024\" height=\"768\" src=\"https:\/\/cplarraga.educacion.navarra.es\/web\/wp-content\/uploads\/2019\/06\/20190608_Mendigorria_1282-1024x768.jpg\" alt=\"\" class=\"wp-image-2168\" srcset=\"https:\/\/cplarraga.educacion.navarra.es\/web\/wp-content\/uploads\/2019\/06\/20190608_Mendigorria_1282-1024x768.jpg 1024w, https:\/\/cplarraga.educacion.navarra.es\/web\/wp-content\/uploads\/2019\/06\/20190608_Mendigorria_1282-300x225.jpg 300w, https:\/\/cplarraga.educacion.navarra.es\/web\/wp-content\/uploads\/2019\/06\/20190608_Mendigorria_1282-768x576.jpg 768w, https:\/\/cplarraga.educacion.navarra.es\/web\/wp-content\/uploads\/2019\/06\/20190608_Mendigorria_1282.jpg 1280w\" sizes=\"(max-width: 1024px) 100vw, 1024px\" \/><\/figure>\n\n\n\n<figure class=\"wp-block-image\"><img loading=\"lazy\" width=\"1024\" height=\"768\" src=\"https:\/\/cplarraga.educacion.navarra.es\/web\/wp-content\/uploads\/2019\/06\/20190608_Mendigorria_277-1024x768.jpg\" alt=\"\" class=\"wp-image-2167\" srcset=\"https:\/\/cplarraga.educacion.navarra.es\/web\/wp-content\/uploads\/2019\/06\/20190608_Mendigorria_277-1024x768.jpg 1024w, https:\/\/cplarraga.educacion.navarra.es\/web\/wp-content\/uploads\/2019\/06\/20190608_Mendigorria_277-300x225.jpg 300w, https:\/\/cplarraga.educacion.navarra.es\/web\/wp-content\/uploads\/2019\/06\/20190608_Mendigorria_277-768x576.jpg 768w, https:\/\/cplarraga.educacion.navarra.es\/web\/wp-content\/uploads\/2019\/06\/20190608_Mendigorria_277.jpg 1280w\" sizes=\"(max-width: 1024px) 100vw, 1024px\" \/><\/figure>\n\n\n\n<ul class=\"wp-block-gallery columns-1 is-cropped\"><li class=\"blocks-gallery-item\"><figure><img loading=\"lazy\" width=\"768\" height=\"1024\" src=\"https:\/\/cplarraga.educacion.navarra.es\/web\/wp-content\/uploads\/2019\/06\/20190608_Mendigorria_1283-768x1024.jpg\" alt=\"\" data-id=\"2169\" data-link=\"https:\/\/cplarraga.educacion.navarra.es\/web\/20190608_mendigorria_1283\/\" class=\"wp-image-2169\" srcset=\"https:\/\/cplarraga.educacion.navarra.es\/web\/wp-content\/uploads\/2019\/06\/20190608_Mendigorria_1283-768x1024.jpg 768w, https:\/\/cplarraga.educacion.navarra.es\/web\/wp-content\/uploads\/2019\/06\/20190608_Mendigorria_1283-225x300.jpg 225w, https:\/\/cplarraga.educacion.navarra.es\/web\/wp-content\/uploads\/2019\/06\/20190608_Mendigorria_1283.jpg 960w\" sizes=\"(max-width: 768px) 100vw, 768px\" \/><\/figure><\/li><\/ul>\n\n\n\n<figure class=\"wp-block-image\"><img loading=\"lazy\" width=\"1024\" height=\"768\" src=\"https:\/\/cplarraga.educacion.navarra.es\/web\/wp-content\/uploads\/2019\/06\/20190608_Mendigorria1278-1024x768.jpg\" alt=\"\" class=\"wp-image-2175\" srcset=\"https:\/\/cplarraga.educacion.navarra.es\/web\/wp-content\/uploads\/2019\/06\/20190608_Mendigorria1278-1024x768.jpg 1024w, https:\/\/cplarraga.educacion.navarra.es\/web\/wp-content\/uploads\/2019\/06\/20190608_Mendigorria1278-300x225.jpg 300w, https:\/\/cplarraga.educacion.navarra.es\/web\/wp-content\/uploads\/2019\/06\/20190608_Mendigorria1278-768x576.jpg 768w, https:\/\/cplarraga.educacion.navarra.es\/web\/wp-content\/uploads\/2019\/06\/20190608_Mendigorria1278.jpg 1280w\" sizes=\"(max-width: 1024px) 100vw, 1024px\" \/><\/figure>\n\n\n\n<figure class=\"wp-block-image\"><img loading=\"lazy\" width=\"1024\" height=\"768\" src=\"https:\/\/cplarraga.educacion.navarra.es\/web\/wp-content\/uploads\/2019\/06\/20190608_Mendigorria_MG_1285-1024x768.jpg\" alt=\"\" class=\"wp-image-2174\" srcset=\"https:\/\/cplarraga.educacion.navarra.es\/web\/wp-content\/uploads\/2019\/06\/20190608_Mendigorria_MG_1285-1024x768.jpg 1024w, https:\/\/cplarraga.educacion.navarra.es\/web\/wp-content\/uploads\/2019\/06\/20190608_Mendigorria_MG_1285-300x225.jpg 300w, https:\/\/cplarraga.educacion.navarra.es\/web\/wp-content\/uploads\/2019\/06\/20190608_Mendigorria_MG_1285-768x576.jpg 768w, https:\/\/cplarraga.educacion.navarra.es\/web\/wp-content\/uploads\/2019\/06\/20190608_Mendigorria_MG_1285.jpg 1280w\" sizes=\"(max-width: 1024px) 100vw, 1024px\" \/><\/figure>\n\n\n\n<ul class=\"wp-block-gallery columns-2 is-cropped\"><li class=\"blocks-gallery-item\"><figure><img loading=\"lazy\" width=\"768\" height=\"1024\" src=\"https:\/\/cplarraga.educacion.navarra.es\/web\/wp-content\/uploads\/2019\/06\/20190608_Mendigorria_1288-768x1024.jpg\" alt=\"\" data-id=\"2172\" data-link=\"https:\/\/cplarraga.educacion.navarra.es\/web\/20190608_mendigorria_1288\/\" class=\"wp-image-2172\" srcset=\"https:\/\/cplarraga.educacion.navarra.es\/web\/wp-content\/uploads\/2019\/06\/20190608_Mendigorria_1288-768x1024.jpg 768w, https:\/\/cplarraga.educacion.navarra.es\/web\/wp-content\/uploads\/2019\/06\/20190608_Mendigorria_1288-225x300.jpg 225w, https:\/\/cplarraga.educacion.navarra.es\/web\/wp-content\/uploads\/2019\/06\/20190608_Mendigorria_1288.jpg 960w\" sizes=\"(max-width: 768px) 100vw, 768px\" \/><\/figure><\/li><li class=\"blocks-gallery-item\"><figure><img loading=\"lazy\" width=\"1024\" height=\"768\" src=\"https:\/\/cplarraga.educacion.navarra.es\/web\/wp-content\/uploads\/2019\/06\/20190608_Mendigorria_1289-1024x768.jpg\" alt=\"\" data-id=\"2173\" data-link=\"https:\/\/cplarraga.educacion.navarra.es\/web\/20190608_mendigorria_1289\/\" class=\"wp-image-2173\" srcset=\"https:\/\/cplarraga.educacion.navarra.es\/web\/wp-content\/uploads\/2019\/06\/20190608_Mendigorria_1289-1024x768.jpg 1024w, https:\/\/cplarraga.educacion.navarra.es\/web\/wp-content\/uploads\/2019\/06\/20190608_Mendigorria_1289-300x225.jpg 300w, https:\/\/cplarraga.educacion.navarra.es\/web\/wp-content\/uploads\/2019\/06\/20190608_Mendigorria_1289-768x576.jpg 768w, https:\/\/cplarraga.educacion.navarra.es\/web\/wp-content\/uploads\/2019\/06\/20190608_Mendigorria_1289.jpg 1280w\" sizes=\"(max-width: 1024px) 100vw, 1024px\" \/><\/figure><\/li><\/ul>\n","protected":false},"excerpt":{"rendered":"<p>Muestra de los trabajos presentados por el Colegio P\u00fablico San Miguel de Larraga en la Jornada festiva de Mancomunidad de Valdizarbe en Mendigorr\u00eda el d\u00eda 8 de junio.<\/p>\n","protected":false},"author":6,"featured_media":0,"parent":0,"menu_order":0,"comment_status":"closed","ping_status":"closed","template":"","meta":{"_genesis_hide_title":false,"_genesis_hide_breadcrumbs":false,"_genesis_hide_singular_image":false,"_genesis_hide_footer_widgets":false,"_genesis_custom_body_class":"","_genesis_custom_post_class":"","_genesis_layout":""},"_links":{"self":[{"href":"https:\/\/cplarraga.educacion.navarra.es\/web\/wp-json\/wp\/v2\/pages\/2179"}],"collection":[{"href":"https:\/\/cplarraga.educacion.navarra.es\/web\/wp-json\/wp\/v2\/pages"}],"about":[{"href":"https:\/\/cplarraga.educacion.navarra.es\/web\/wp-json\/wp\/v2\/types\/page"}],"author":[{"embeddable":true,"href":"https:\/\/cplarraga.educacion.navarra.es\/web\/wp-json\/wp\/v2\/users\/6"}],"replies":[{"embeddable":true,"href":"https:\/\/cplarraga.educacion.navarra.es\/web\/wp-json\/wp\/v2\/comments?post=2179"}],"version-history":[{"count":1,"href":"https:\/\/cplarraga.educacion.navarra.es\/web\/wp-json\/wp\/v2\/pages\/2179\/revisions"}],"predecessor-version":[{"id":2180,"href":"https:\/\/cplarraga.educacion.navarra.es\/web\/wp-json\/wp\/v2\/pages\/2179\/revisions\/2180"}],"wp:attachment":[{"href":"https:\/\/cplarraga.educacion.navarra.es\/web\/wp-json\/wp\/v2\/media?parent=2179"}],"curies":[{"name":"wp","href":"https:\/\/api.w.org\/{rel}","templated":true}]}}