{"id":190,"date":"2018-12-11T12:19:06","date_gmt":"2018-12-11T11:19:06","guid":{"rendered":"https:\/\/cplarraga.educacion.navarra.es\/web\/?page_id=190"},"modified":"2026-01-20T13:56:36","modified_gmt":"2026-01-20T12:56:36","slug":"organigrama","status":"publish","type":"page","link":"https:\/\/cplarraga.educacion.navarra.es\/web\/organigrama\/","title":{"rendered":"Organigrama"},"content":{"rendered":"\n<figure class=\"wp-block-table\"><table><tbody><tr><td><strong>EQUIPO DIRECTIVO<\/strong><\/td><td><\/td><\/tr><tr><td>Direcci\u00f3n<\/td><td>Beatriz Jimeno<\/td><\/tr><tr><td>Jefatura Estudios<\/td><td>Ana Catal\u00e1n<\/td><\/tr><tr><td>Secretar\u00eda<\/td><td>Sandra Arrula<\/td><\/tr><\/tbody><\/table><\/figure>\n\n\n\n<figure class=\"wp-block-table\"><table><tbody><tr><td class=\"has-text-align-left\" data-align=\"left\"><strong>INFANTIL<\/strong><\/td><td><\/td><\/tr><tr><td class=\"has-text-align-left\" data-align=\"left\">1\u00ba Infantil <\/td><td>Sara Rodr\u00edguez<\/td><\/tr><tr><td class=\"has-text-align-left\" data-align=\"left\">1\u00ba y 2\u00ba Infantil  &#8211; Mod. D<\/td><td>Maite Mun\u00e1rriz ,  Tamara Zalba<\/td><\/tr><tr><td class=\"has-text-align-left\" data-align=\"left\">2\u00ba Infantil<\/td><td>Amaia Zunzarren<\/td><\/tr><tr><td class=\"has-text-align-left\" data-align=\"left\">3\u00ba Infantil<\/td><td>Noelia L\u00f3pez de Dicastillo<\/td><\/tr><tr><td class=\"has-text-align-left\" data-align=\"left\"><strong>PRIMARIA<\/strong><\/td><td><\/td><\/tr><tr><td class=\"has-text-align-left\" data-align=\"left\"> 1\u00ba Primaria <\/td><td>Inma Fl\u00f3rez<\/td><\/tr><tr><td class=\"has-text-align-left\" data-align=\"left\">2\u00ba Primaria<\/td><td>Sandra Arrula <\/td><\/tr><tr><td class=\"has-text-align-left\" data-align=\"left\">3\u00ba Primaria<\/td><td>Pilar Yusta<\/td><\/tr><tr><td class=\"has-text-align-left\" data-align=\"left\">4\u00ba Primaria<\/td><td>Pilar Mend\u00eda<\/td><\/tr><tr><td class=\"has-text-align-left\" data-align=\"left\"> 5\u00ba Primaria <\/td><td>Laura Manchado<\/td><\/tr><tr><td class=\"has-text-align-left\" data-align=\"left\">6\u00ba Primaria<\/td><td>Laura Muro<\/td><\/tr><tr><td class=\"has-text-align-left\" data-align=\"left\"><\/td><td><\/td><\/tr><tr><td class=\"has-text-align-left\" data-align=\"left\">Apoyo Primaria<\/td><td>Natalia Azcona<\/td><\/tr><tr><td class=\"has-text-align-left\" data-align=\"left\">PAEP<\/td><td>David Alcal\u00e1<\/td><\/tr><tr><td class=\"has-text-align-left\" data-align=\"left\">Apoyo Primaria<\/td><td>Daniel Ustariz<\/td><\/tr><tr><td class=\"has-text-align-left\" data-align=\"left\">Apoyo Primaria. PROA+<\/td><td>Ver\u00f3nica Lizarraga<\/td><\/tr><tr><td class=\"has-text-align-left\" data-align=\"left\"><strong>ESPECIALISTAS<\/strong> <\/td><td><\/td><\/tr><tr><td class=\"has-text-align-left\" data-align=\"left\"> Educaci\u00f3n f\u00edsica <\/td><td>Elena Jimenez<\/td><\/tr><tr><td class=\"has-text-align-left\" data-align=\"left\">Euskera<\/td><td>Jone Preciado<\/td><\/tr><tr><td class=\"has-text-align-left\" data-align=\"left\">Ingl\u00e9s<\/td><td>Arantxa de Esteban <\/td><\/tr><tr><td class=\"has-text-align-left\" data-align=\"left\"><\/td><td>Bego\u00f1a Sarr\u00edas<\/td><\/tr><tr><td class=\"has-text-align-left\" data-align=\"left\">Ingl\u00e9s &#8211; Mod. D<\/td><td>Itziar Labayen<\/td><\/tr><tr><td class=\"has-text-align-left\" data-align=\"left\">M\u00fasica<\/td><td>David Iborra<\/td><\/tr><tr><td class=\"has-text-align-left\" data-align=\"left\">Religi\u00f3n <\/td><td>Arantxa Os\u00e9s<\/td><\/tr><tr><td class=\"has-text-align-left\" data-align=\"left\">Religi\u00f3n &#8211; Mod. D<\/td><td>Andrea Ros<\/td><\/tr><tr><td class=\"has-text-align-left\" data-align=\"left\"><strong>U.A.E.<\/strong><\/td><td><\/td><\/tr><tr><td class=\"has-text-align-left\" data-align=\"left\"> Orientaci\u00f3n <\/td><td> Blanca Conde <\/td><\/tr><tr><td class=\"has-text-align-left\" data-align=\"left\">Audici\u00f3n y lenguaje<\/td><td>Ainhoa Rivas &#8211; Ane Alonso<\/td><\/tr><tr><td class=\"has-text-align-left\" data-align=\"left\">Pedagog\u00eda terap\u00e9utica<\/td><td>Marta Maule\u00f3n<\/td><\/tr><tr><td class=\"has-text-align-left\" data-align=\"left\">Pedagog\u00eda terap\u00e9utica y Audici\u00f3n y Lenguaje<\/td><td>Sara Casaus<\/td><\/tr><\/tbody><\/table><\/figure>\n\n\n\n<p><\/p>\n\n\n\n<p><\/p>\n\n\n\n<figure class=\"wp-block-table\"><table><tbody><tr><td><strong>PERSONAL NO DOCENTE<\/strong><\/td><td><\/td><\/tr><tr><td>Administraci\u00f3n<\/td><td>Sara Pin\u00f3s<\/td><\/tr><tr><td>Especilista apoyo educativo 1<\/td><td>Izarne<\/td><\/tr><tr><td>Especilista apoyo educativo 2<\/td><td>M\u00f3nica Villanueva<\/td><\/tr><tr><td><\/td><td><\/td><\/tr><tr><td><\/td><td><\/td><\/tr><\/tbody><\/table><\/figure>\n\n\n\n<p><\/p>\n\n\n\n<p><\/p>\n","protected":false},"excerpt":{"rendered":"<p>EQUIPO DIRECTIVO Direcci\u00f3n Beatriz Jimeno Jefatura Estudios Ana Catal\u00e1n Secretar\u00eda Sandra Arrula INFANTIL 1\u00ba Infantil Sara Rodr\u00edguez 1\u00ba y 2\u00ba Infantil &#8211; Mod. D Maite Mun\u00e1rriz , Tamara Zalba 2\u00ba Infantil Amaia Zunzarren 3\u00ba Infantil Noelia L\u00f3pez de Dicastillo PRIMARIA 1\u00ba Primaria Inma Fl\u00f3rez 2\u00ba Primaria Sandra Arrula 3\u00ba Primaria Pilar Yusta 4\u00ba Primaria Pilar [&hellip;]<\/p>\n","protected":false},"author":6,"featured_media":0,"parent":0,"menu_order":0,"comment_status":"closed","ping_status":"closed","template":"","meta":{"_genesis_hide_title":false,"_genesis_hide_breadcrumbs":false,"_genesis_hide_singular_image":false,"_genesis_hide_footer_widgets":false,"_genesis_custom_body_class":"","_genesis_custom_post_class":"","_genesis_layout":""},"_links":{"self":[{"href":"https:\/\/cplarraga.educacion.navarra.es\/web\/wp-json\/wp\/v2\/pages\/190"}],"collection":[{"href":"https:\/\/cplarraga.educacion.navarra.es\/web\/wp-json\/wp\/v2\/pages"}],"about":[{"href":"https:\/\/cplarraga.educacion.navarra.es\/web\/wp-json\/wp\/v2\/types\/page"}],"author":[{"embeddable":true,"href":"https:\/\/cplarraga.educacion.navarra.es\/web\/wp-json\/wp\/v2\/users\/6"}],"replies":[{"embeddable":true,"href":"https:\/\/cplarraga.educacion.navarra.es\/web\/wp-json\/wp\/v2\/comments?post=190"}],"version-history":[{"count":61,"href":"https:\/\/cplarraga.educacion.navarra.es\/web\/wp-json\/wp\/v2\/pages\/190\/revisions"}],"predecessor-version":[{"id":9808,"href":"https:\/\/cplarraga.educacion.navarra.es\/web\/wp-json\/wp\/v2\/pages\/190\/revisions\/9808"}],"wp:attachment":[{"href":"https:\/\/cplarraga.educacion.navarra.es\/web\/wp-json\/wp\/v2\/media?parent=190"}],"curies":[{"name":"wp","href":"https:\/\/api.w.org\/{rel}","templated":true}]}}