{"id":179,"date":"2018-11-29T12:27:53","date_gmt":"2018-11-29T11:27:53","guid":{"rendered":"https:\/\/cplarraga.educacion.navarra.es\/web\/?page_id=179"},"modified":"2019-03-17T22:03:13","modified_gmt":"2019-03-17T21:03:13","slug":"oferta-educativa","status":"publish","type":"page","link":"https:\/\/cplarraga.educacion.navarra.es\/web\/oferta-educativa\/","title":{"rendered":"Oferta educativa"},"content":{"rendered":"<p><strong><span style=\"color: #000000\">Educaci\u00f3n Infantil (3-6 A\u00f1os)<\/span><\/strong><\/p>\n<ul>\n<li><strong>\u00a0<\/strong>La Educaci\u00f3n Infantil, etapa educativa de car\u00e1cter voluntario, tiene identidad propia. En el centro se acoge a alumnado del segundo ciclo de Educaci\u00f3n Infantil.<\/li>\n<li>Se ordena en dos ciclos: el primero comprende hasta los tres a\u00f1os de edad y el segundo desde los tres hasta los seis.<\/li>\n<\/ul>\n<p>La finalidad de la Educaci\u00f3n Infantil es contribuir al desarrollo f\u00edsico, afectivo, social e intelectual de los ni\u00f1os y las ni\u00f1as.<\/p>\n<p><span style=\"color: #000000\"><strong>Educaci\u00f3n Primaria (6-12 A\u00f1os)<\/strong><\/span><\/p>\n<ul>\n<li><strong>\u00a0<\/strong>En esta Etapa se hace especial hincapi\u00e9 en el desarrollo de h\u00e1bitos, actitudes y valores que favorezcan la formaci\u00f3n integral del alumnado.<\/li>\n<\/ul>\n<p>La Educaci\u00f3n Primaria facilita la integraci\u00f3n de las distintas experiencias y aprendizajes del alumnado y se adapta a sus ritmos de trabajo, a sus caracter\u00edsticas individuales, con el fin de conseguir que todo el alumnado alcance los objetivos y desarrolle el m\u00e1ximo de sus posibilidades.<\/p>\n","protected":false},"excerpt":{"rendered":"<p>Educaci\u00f3n Infantil (3-6 A\u00f1os) \u00a0La Educaci\u00f3n Infantil, etapa educativa de car\u00e1cter voluntario, tiene identidad propia. En el centro se acoge a alumnado del segundo ciclo de Educaci\u00f3n Infantil. Se ordena en dos ciclos: el primero comprende hasta los tres a\u00f1os de edad y el segundo desde los tres hasta los seis. La finalidad de la [&hellip;]<\/p>\n","protected":false},"author":6,"featured_media":0,"parent":0,"menu_order":0,"comment_status":"closed","ping_status":"closed","template":"","meta":{"_genesis_hide_title":false,"_genesis_hide_breadcrumbs":false,"_genesis_hide_singular_image":false,"_genesis_hide_footer_widgets":false,"_genesis_custom_body_class":"","_genesis_custom_post_class":"","_genesis_layout":""},"_links":{"self":[{"href":"https:\/\/cplarraga.educacion.navarra.es\/web\/wp-json\/wp\/v2\/pages\/179"}],"collection":[{"href":"https:\/\/cplarraga.educacion.navarra.es\/web\/wp-json\/wp\/v2\/pages"}],"about":[{"href":"https:\/\/cplarraga.educacion.navarra.es\/web\/wp-json\/wp\/v2\/types\/page"}],"author":[{"embeddable":true,"href":"https:\/\/cplarraga.educacion.navarra.es\/web\/wp-json\/wp\/v2\/users\/6"}],"replies":[{"embeddable":true,"href":"https:\/\/cplarraga.educacion.navarra.es\/web\/wp-json\/wp\/v2\/comments?post=179"}],"version-history":[{"count":3,"href":"https:\/\/cplarraga.educacion.navarra.es\/web\/wp-json\/wp\/v2\/pages\/179\/revisions"}],"predecessor-version":[{"id":1136,"href":"https:\/\/cplarraga.educacion.navarra.es\/web\/wp-json\/wp\/v2\/pages\/179\/revisions\/1136"}],"wp:attachment":[{"href":"https:\/\/cplarraga.educacion.navarra.es\/web\/wp-json\/wp\/v2\/media?parent=179"}],"curies":[{"name":"wp","href":"https:\/\/api.w.org\/{rel}","templated":true}]}}