{"id":174,"date":"2018-11-29T12:12:41","date_gmt":"2018-11-29T11:12:41","guid":{"rendered":"https:\/\/cplarraga.educacion.navarra.es\/web\/?page_id=174"},"modified":"2023-09-19T19:43:28","modified_gmt":"2023-09-19T17:43:28","slug":"historia","status":"publish","type":"page","link":"https:\/\/cplarraga.educacion.navarra.es\/web\/historia\/","title":{"rendered":"Historia"},"content":{"rendered":"<p>El <strong><span style=\"color: #000000;\">Colegio P\u00fablico \u201cSan Miguel de Larraga\u201d<\/span><\/strong> est\u00e1 situado en las afueras de esta localidad, en Ctra. La Balsa, s\/n., junto al complejo deportivo municipal.<\/p>\n<p>Este centro se inaugur\u00f3 en septiembre del a\u00f1o 1982. No hubo ninguna ceremonia oficial de apertura. Durante los primeros a\u00f1os acogi\u00f3 a todo el alumnado de Educaci\u00f3n General B\u00e1sica de Larraga, de 1\u00ba a 8\u00ba curso y algunos\/as alumnos\/as de Preescolar, pues tambi\u00e9n hab\u00eda en la localidad otro centro privado de las Hermanas de la Caridad que impart\u00edan el nivel de Preescolar. Posteriormente, se cerr\u00f3 ese centro y todo el alumnado de Preescolar se matricul\u00f3 en este centro p\u00fablico. Debido a ese aumento de matr\u00edcula hubo que realizar algunas reformas interiores en el centro.<\/p>\n<p>Con la implantaci\u00f3n de la LOGSE, nueva ley de educaci\u00f3n, en el a\u00f1o 1990, el alumnado de 7\u00ba y 8\u00ba de EGB se march\u00f3 al Instituto de Tafalla y en nuestro centro se qued\u00f3 toda la Etapa de <strong><span style=\"color: #000000;\">Educaci\u00f3n Infantil <\/span><\/strong>(3 unidades) y toda la Etapa de <strong><span style=\"color: #000000;\">Educaci\u00f3n Primaria <\/span><\/strong>(6 unidades).<\/p>\n<p>Durante el curso 2007-08 celebramos el 25 aniversario del centro con un amplio programa de actividades.<\/p>\n<p>Durante los a\u00f1os 2008 y 2009 el Ayuntamiento, con la colaboraci\u00f3n del Gobierno de Navarra, acometi\u00f3 una ampliaci\u00f3n y reforma del edificio y del patio escolar. Se ha construido, en planta baja, un gimnasio y\u00a0 aseos; en entreplanta, vestuario del monitor\/a y almac\u00e9n; y en la primera planta, cuatro nuevas aulas m\u00e1s cuatro despachos y dos ba\u00f1os. Todas las plantas est\u00e1n comunicadas con un ascensor, de modo que quedan eliminadas las barreras arquitect\u00f3nicas del edificio.\u00a0 Tambi\u00e9n se cre\u00f3, con acceso directo, una nueva aula de 3 a\u00f1os en el espacio que anteriormente era aula de psicomotricidad. El patio se transform\u00f3 en su totalidad, con nuevo firme, vallado, canastas y porter\u00edas.<\/p>\n<p>A comienzos del curso 2009-10, mes de septiembre, se comenz\u00f3 a utilizar dicha ampliaci\u00f3n y reforma.<\/p>\n<p>Se cre\u00f3 un comedor escolar en lo que anteriormente era vivienda del conserje y se reformaron algunos ba\u00f1os de alumnos adapt\u00e1ndolos para el alumnado de Infantil.<\/p>\n<p>As\u00ed mismo, ese curso fue el primero en estrenar la nueva jornada escolar, jornada continua, tras haber sido aprobada por todos los estamentos pertinentes. Tambi\u00e9n nos dotaron de un administrativo. Adem\u00e1s, comenz\u00f3 a funcionar la web del colegio.<\/p>\n<p>Durante el curso, 2010-11, cambiamos la calefacci\u00f3n de gasoil a gas.<\/p>\n<p>Actualmente tenemos matriculados\/as 216 alumnos\/as, todos\/as residentes en esta localidad, y una plantilla de 24 profesores\/as, entre ordinarios e itinerantes, m\u00e1s una orientadora, una PT, una logopeda , dos cuidadoras y un administrativo.<\/p>\n<p>En el curso 2023-2024 se inicia la implantaci\u00f3n del modelo ling\u00fc\u00edstico D,\u00a0 un aula de 1\u00ba de Educaci\u00f3n Infantil compuesta por 8 ni\u00f1os y ni\u00f1as.<\/p>\n","protected":false},"excerpt":{"rendered":"<p>El Colegio P\u00fablico \u201cSan Miguel de Larraga\u201d est\u00e1 situado en las afueras de esta localidad, en Ctra. La Balsa, s\/n., junto al complejo deportivo municipal. Este centro se inaugur\u00f3 en septiembre del a\u00f1o 1982. No hubo ninguna ceremonia oficial de apertura. Durante los primeros a\u00f1os acogi\u00f3 a todo el alumnado de Educaci\u00f3n General B\u00e1sica de [&hellip;]<\/p>\n","protected":false},"author":6,"featured_media":0,"parent":0,"menu_order":0,"comment_status":"closed","ping_status":"closed","template":"","meta":{"_genesis_hide_title":false,"_genesis_hide_breadcrumbs":false,"_genesis_hide_singular_image":false,"_genesis_hide_footer_widgets":false,"_genesis_custom_body_class":"","_genesis_custom_post_class":"","_genesis_layout":""},"_links":{"self":[{"href":"https:\/\/cplarraga.educacion.navarra.es\/web\/wp-json\/wp\/v2\/pages\/174"}],"collection":[{"href":"https:\/\/cplarraga.educacion.navarra.es\/web\/wp-json\/wp\/v2\/pages"}],"about":[{"href":"https:\/\/cplarraga.educacion.navarra.es\/web\/wp-json\/wp\/v2\/types\/page"}],"author":[{"embeddable":true,"href":"https:\/\/cplarraga.educacion.navarra.es\/web\/wp-json\/wp\/v2\/users\/6"}],"replies":[{"embeddable":true,"href":"https:\/\/cplarraga.educacion.navarra.es\/web\/wp-json\/wp\/v2\/comments?post=174"}],"version-history":[{"count":7,"href":"https:\/\/cplarraga.educacion.navarra.es\/web\/wp-json\/wp\/v2\/pages\/174\/revisions"}],"predecessor-version":[{"id":8824,"href":"https:\/\/cplarraga.educacion.navarra.es\/web\/wp-json\/wp\/v2\/pages\/174\/revisions\/8824"}],"wp:attachment":[{"href":"https:\/\/cplarraga.educacion.navarra.es\/web\/wp-json\/wp\/v2\/media?parent=174"}],"curies":[{"name":"wp","href":"https:\/\/api.w.org\/{rel}","templated":true}]}}