{"id":1534,"date":"2019-04-21T08:28:58","date_gmt":"2019-04-21T06:28:58","guid":{"rendered":"https:\/\/cplarraga.educacion.navarra.es\/web\/?page_id=1534"},"modified":"2019-04-21T08:40:30","modified_gmt":"2019-04-21T06:40:30","slug":"2019-ecojuegos","status":"publish","type":"page","link":"https:\/\/cplarraga.educacion.navarra.es\/web\/2019-ecojuegos\/","title":{"rendered":"2019 Ecojuegos"},"content":{"rendered":"\n<p>El alumnado de 6\u00ba invit\u00f3 el pasado martes 16 de abril  a los y las ni\u00f1as de 5 a\u00f1os a probar sus ecojuegos. <\/p>\n\n\n\n<p>\u00c9stos son juegos realizados con material reciclado o reutilizado. <\/p>\n\n\n\n<p>Nos los pasamos muy bien, disfrutamos haci\u00e9ndonos un poco m\u00e1s conscientes de la importancia de no contaminar.<\/p>\n\n\n\n<div class=\"wp-block-image\"><figure class=\"aligncenter is-resized\"><img loading=\"lazy\" src=\"https:\/\/cplarraga.educacion.navarra.es\/web\/wp-content\/uploads\/2019\/04\/20190409_Ecojuegos_IMG_20190409_094019_m-1024x768.jpg\" alt=\"\" class=\"wp-image-1518\" width=\"768\" height=\"576\" srcset=\"https:\/\/cplarraga.educacion.navarra.es\/web\/wp-content\/uploads\/2019\/04\/20190409_Ecojuegos_IMG_20190409_094019_m-1024x768.jpg 1024w, https:\/\/cplarraga.educacion.navarra.es\/web\/wp-content\/uploads\/2019\/04\/20190409_Ecojuegos_IMG_20190409_094019_m-300x225.jpg 300w, https:\/\/cplarraga.educacion.navarra.es\/web\/wp-content\/uploads\/2019\/04\/20190409_Ecojuegos_IMG_20190409_094019_m-768x576.jpg 768w\" sizes=\"(max-width: 768px) 100vw, 768px\" \/><\/figure><\/div>\n\n\n\n<ul class=\"wp-block-gallery columns-2 is-cropped\"><li class=\"blocks-gallery-item\"><figure><img loading=\"lazy\" width=\"1024\" height=\"768\" src=\"https:\/\/cplarraga.educacion.navarra.es\/web\/wp-content\/uploads\/2019\/04\/20190409_Ecojuegos_IMG_20190409_094231_m-1024x768.jpg\" alt=\"\" data-id=\"1520\" data-link=\"https:\/\/cplarraga.educacion.navarra.es\/web\/20190409_ecojuegos_img_20190409_094231_m\/\" class=\"wp-image-1520\" srcset=\"https:\/\/cplarraga.educacion.navarra.es\/web\/wp-content\/uploads\/2019\/04\/20190409_Ecojuegos_IMG_20190409_094231_m-1024x768.jpg 1024w, https:\/\/cplarraga.educacion.navarra.es\/web\/wp-content\/uploads\/2019\/04\/20190409_Ecojuegos_IMG_20190409_094231_m-300x225.jpg 300w, https:\/\/cplarraga.educacion.navarra.es\/web\/wp-content\/uploads\/2019\/04\/20190409_Ecojuegos_IMG_20190409_094231_m-768x576.jpg 768w\" sizes=\"(max-width: 1024px) 100vw, 1024px\" \/><\/figure><\/li><li class=\"blocks-gallery-item\"><figure><img loading=\"lazy\" width=\"1024\" height=\"768\" src=\"https:\/\/cplarraga.educacion.navarra.es\/web\/wp-content\/uploads\/2019\/04\/20190409_Ecojuegos_IMG_20190409_094224-copia_m-1024x768.jpg\" alt=\"\" data-id=\"1519\" data-link=\"https:\/\/cplarraga.educacion.navarra.es\/web\/20190409_ecojuegos_img_20190409_094224-copia_m\/\" class=\"wp-image-1519\" srcset=\"https:\/\/cplarraga.educacion.navarra.es\/web\/wp-content\/uploads\/2019\/04\/20190409_Ecojuegos_IMG_20190409_094224-copia_m-1024x768.jpg 1024w, https:\/\/cplarraga.educacion.navarra.es\/web\/wp-content\/uploads\/2019\/04\/20190409_Ecojuegos_IMG_20190409_094224-copia_m-300x225.jpg 300w, https:\/\/cplarraga.educacion.navarra.es\/web\/wp-content\/uploads\/2019\/04\/20190409_Ecojuegos_IMG_20190409_094224-copia_m-768x576.jpg 768w\" sizes=\"(max-width: 1024px) 100vw, 1024px\" \/><\/figure><\/li><\/ul>\n\n\n\n<ul class=\"wp-block-gallery columns-2 is-cropped\"><li class=\"blocks-gallery-item\"><figure><img loading=\"lazy\" width=\"1024\" height=\"768\" src=\"https:\/\/cplarraga.educacion.navarra.es\/web\/wp-content\/uploads\/2019\/04\/20190409_Ecojuegos_IMG_20190409_094359_m-1024x768.jpg\" alt=\"\" data-id=\"1523\" data-link=\"https:\/\/cplarraga.educacion.navarra.es\/web\/20190409_ecojuegos_img_20190409_094359_m\/\" class=\"wp-image-1523\" srcset=\"https:\/\/cplarraga.educacion.navarra.es\/web\/wp-content\/uploads\/2019\/04\/20190409_Ecojuegos_IMG_20190409_094359_m-1024x768.jpg 1024w, https:\/\/cplarraga.educacion.navarra.es\/web\/wp-content\/uploads\/2019\/04\/20190409_Ecojuegos_IMG_20190409_094359_m-300x225.jpg 300w, https:\/\/cplarraga.educacion.navarra.es\/web\/wp-content\/uploads\/2019\/04\/20190409_Ecojuegos_IMG_20190409_094359_m-768x576.jpg 768w\" sizes=\"(max-width: 1024px) 100vw, 1024px\" \/><\/figure><\/li><li class=\"blocks-gallery-item\"><figure><img loading=\"lazy\" width=\"1024\" height=\"768\" src=\"https:\/\/cplarraga.educacion.navarra.es\/web\/wp-content\/uploads\/2019\/04\/20190409_Ecojuegos_IMG_20190409_094316_m-1024x768.jpg\" alt=\"\" data-id=\"1522\" data-link=\"https:\/\/cplarraga.educacion.navarra.es\/web\/20190409_ecojuegos_img_20190409_094316_m\/\" class=\"wp-image-1522\" srcset=\"https:\/\/cplarraga.educacion.navarra.es\/web\/wp-content\/uploads\/2019\/04\/20190409_Ecojuegos_IMG_20190409_094316_m-1024x768.jpg 1024w, https:\/\/cplarraga.educacion.navarra.es\/web\/wp-content\/uploads\/2019\/04\/20190409_Ecojuegos_IMG_20190409_094316_m-300x225.jpg 300w, https:\/\/cplarraga.educacion.navarra.es\/web\/wp-content\/uploads\/2019\/04\/20190409_Ecojuegos_IMG_20190409_094316_m-768x576.jpg 768w\" sizes=\"(max-width: 1024px) 100vw, 1024px\" \/><\/figure><\/li><\/ul>\n\n\n\n<ul class=\"wp-block-gallery columns-2 is-cropped\"><li class=\"blocks-gallery-item\"><figure><img loading=\"lazy\" width=\"1024\" height=\"768\" src=\"https:\/\/cplarraga.educacion.navarra.es\/web\/wp-content\/uploads\/2019\/04\/20190409_Ecojuegos_IMG_20190409_094449_m-1024x768.jpg\" alt=\"\" data-id=\"1525\" data-link=\"https:\/\/cplarraga.educacion.navarra.es\/web\/20190409_ecojuegos_img_20190409_094449_m\/\" class=\"wp-image-1525\" srcset=\"https:\/\/cplarraga.educacion.navarra.es\/web\/wp-content\/uploads\/2019\/04\/20190409_Ecojuegos_IMG_20190409_094449_m-1024x768.jpg 1024w, https:\/\/cplarraga.educacion.navarra.es\/web\/wp-content\/uploads\/2019\/04\/20190409_Ecojuegos_IMG_20190409_094449_m-300x225.jpg 300w, https:\/\/cplarraga.educacion.navarra.es\/web\/wp-content\/uploads\/2019\/04\/20190409_Ecojuegos_IMG_20190409_094449_m-768x576.jpg 768w\" sizes=\"(max-width: 1024px) 100vw, 1024px\" \/><\/figure><\/li><li class=\"blocks-gallery-item\"><figure><img loading=\"lazy\" width=\"1024\" height=\"768\" src=\"https:\/\/cplarraga.educacion.navarra.es\/web\/wp-content\/uploads\/2019\/04\/20190409_Ecojuegos_IMG_20190409_094423_m-1024x768.jpg\" alt=\"\" data-id=\"1524\" data-link=\"https:\/\/cplarraga.educacion.navarra.es\/web\/20190409_ecojuegos_img_20190409_094423_m\/\" class=\"wp-image-1524\" srcset=\"https:\/\/cplarraga.educacion.navarra.es\/web\/wp-content\/uploads\/2019\/04\/20190409_Ecojuegos_IMG_20190409_094423_m-1024x768.jpg 1024w, https:\/\/cplarraga.educacion.navarra.es\/web\/wp-content\/uploads\/2019\/04\/20190409_Ecojuegos_IMG_20190409_094423_m-300x225.jpg 300w, https:\/\/cplarraga.educacion.navarra.es\/web\/wp-content\/uploads\/2019\/04\/20190409_Ecojuegos_IMG_20190409_094423_m-768x576.jpg 768w\" sizes=\"(max-width: 1024px) 100vw, 1024px\" \/><\/figure><\/li><\/ul>\n\n\n\n<ul class=\"wp-block-gallery columns-2 is-cropped\"><li class=\"blocks-gallery-item\"><figure><img loading=\"lazy\" width=\"768\" height=\"1024\" src=\"https:\/\/cplarraga.educacion.navarra.es\/web\/wp-content\/uploads\/2019\/04\/20190409_Ecojuegos_IMG_20190409_094657m-768x1024.jpg\" alt=\"\" data-id=\"1528\" data-link=\"https:\/\/cplarraga.educacion.navarra.es\/web\/20190409_ecojuegos_img_20190409_094657m\/\" class=\"wp-image-1528\" srcset=\"https:\/\/cplarraga.educacion.navarra.es\/web\/wp-content\/uploads\/2019\/04\/20190409_Ecojuegos_IMG_20190409_094657m-768x1024.jpg 768w, https:\/\/cplarraga.educacion.navarra.es\/web\/wp-content\/uploads\/2019\/04\/20190409_Ecojuegos_IMG_20190409_094657m-225x300.jpg 225w\" sizes=\"(max-width: 768px) 100vw, 768px\" \/><\/figure><\/li><li class=\"blocks-gallery-item\"><figure><img loading=\"lazy\" width=\"768\" height=\"1024\" src=\"https:\/\/cplarraga.educacion.navarra.es\/web\/wp-content\/uploads\/2019\/04\/20190409_Ecojuegos_IMG_20190409_094636_m-768x1024.jpg\" alt=\"\" data-id=\"1527\" data-link=\"https:\/\/cplarraga.educacion.navarra.es\/web\/20190409_ecojuegos_img_20190409_094636_m\/\" class=\"wp-image-1527\" srcset=\"https:\/\/cplarraga.educacion.navarra.es\/web\/wp-content\/uploads\/2019\/04\/20190409_Ecojuegos_IMG_20190409_094636_m-768x1024.jpg 768w, https:\/\/cplarraga.educacion.navarra.es\/web\/wp-content\/uploads\/2019\/04\/20190409_Ecojuegos_IMG_20190409_094636_m-225x300.jpg 225w\" sizes=\"(max-width: 768px) 100vw, 768px\" \/><\/figure><\/li><\/ul>\n\n\n\n<div class=\"wp-block-image\"><figure class=\"aligncenter is-resized\"><img loading=\"lazy\" src=\"https:\/\/cplarraga.educacion.navarra.es\/web\/wp-content\/uploads\/2019\/04\/20190409_Ecojuegos_IMG_20190409_094508_m-1024x768.jpg\" alt=\"\" class=\"wp-image-1526\" width=\"768\" height=\"576\" srcset=\"https:\/\/cplarraga.educacion.navarra.es\/web\/wp-content\/uploads\/2019\/04\/20190409_Ecojuegos_IMG_20190409_094508_m-1024x768.jpg 1024w, https:\/\/cplarraga.educacion.navarra.es\/web\/wp-content\/uploads\/2019\/04\/20190409_Ecojuegos_IMG_20190409_094508_m-300x225.jpg 300w, https:\/\/cplarraga.educacion.navarra.es\/web\/wp-content\/uploads\/2019\/04\/20190409_Ecojuegos_IMG_20190409_094508_m-768x576.jpg 768w\" sizes=\"(max-width: 768px) 100vw, 768px\" \/><\/figure><\/div>\n\n\n\n<ul class=\"wp-block-gallery columns-2 is-cropped\"><li class=\"blocks-gallery-item\"><figure><img loading=\"lazy\" width=\"1024\" height=\"768\" src=\"https:\/\/cplarraga.educacion.navarra.es\/web\/wp-content\/uploads\/2019\/04\/20190409_Ecojuegos_IMG_20190409_094814_m-1024x768.jpg\" alt=\"\" data-id=\"1531\" data-link=\"https:\/\/cplarraga.educacion.navarra.es\/web\/20190409_ecojuegos_img_20190409_094814_m\/\" class=\"wp-image-1531\" srcset=\"https:\/\/cplarraga.educacion.navarra.es\/web\/wp-content\/uploads\/2019\/04\/20190409_Ecojuegos_IMG_20190409_094814_m-1024x768.jpg 1024w, https:\/\/cplarraga.educacion.navarra.es\/web\/wp-content\/uploads\/2019\/04\/20190409_Ecojuegos_IMG_20190409_094814_m-300x225.jpg 300w, https:\/\/cplarraga.educacion.navarra.es\/web\/wp-content\/uploads\/2019\/04\/20190409_Ecojuegos_IMG_20190409_094814_m-768x576.jpg 768w\" sizes=\"(max-width: 1024px) 100vw, 1024px\" \/><\/figure><\/li><li class=\"blocks-gallery-item\"><figure><img loading=\"lazy\" width=\"1024\" height=\"768\" src=\"https:\/\/cplarraga.educacion.navarra.es\/web\/wp-content\/uploads\/2019\/04\/20190409_Ecojuegos_IMG_20190409_094752_m-1024x768.jpg\" alt=\"\" data-id=\"1530\" data-link=\"https:\/\/cplarraga.educacion.navarra.es\/web\/20190409_ecojuegos_img_20190409_094752_m\/\" class=\"wp-image-1530\" srcset=\"https:\/\/cplarraga.educacion.navarra.es\/web\/wp-content\/uploads\/2019\/04\/20190409_Ecojuegos_IMG_20190409_094752_m-1024x768.jpg 1024w, https:\/\/cplarraga.educacion.navarra.es\/web\/wp-content\/uploads\/2019\/04\/20190409_Ecojuegos_IMG_20190409_094752_m-300x225.jpg 300w, https:\/\/cplarraga.educacion.navarra.es\/web\/wp-content\/uploads\/2019\/04\/20190409_Ecojuegos_IMG_20190409_094752_m-768x576.jpg 768w\" sizes=\"(max-width: 1024px) 100vw, 1024px\" \/><\/figure><\/li><\/ul>\n\n\n\n<div class=\"wp-block-image\"><figure class=\"aligncenter is-resized\"><img loading=\"lazy\" src=\"https:\/\/cplarraga.educacion.navarra.es\/web\/wp-content\/uploads\/2019\/04\/20190409_Ecojuegos_IMG_20190409_094711_m-1024x768.jpg\" alt=\"\" class=\"wp-image-1529\" width=\"768\" height=\"576\" srcset=\"https:\/\/cplarraga.educacion.navarra.es\/web\/wp-content\/uploads\/2019\/04\/20190409_Ecojuegos_IMG_20190409_094711_m-1024x768.jpg 1024w, https:\/\/cplarraga.educacion.navarra.es\/web\/wp-content\/uploads\/2019\/04\/20190409_Ecojuegos_IMG_20190409_094711_m-300x225.jpg 300w, https:\/\/cplarraga.educacion.navarra.es\/web\/wp-content\/uploads\/2019\/04\/20190409_Ecojuegos_IMG_20190409_094711_m-768x576.jpg 768w\" sizes=\"(max-width: 768px) 100vw, 768px\" \/><\/figure><\/div>\n\n\n\n<div class=\"wp-block-image\"><figure class=\"aligncenter is-resized\"><img loading=\"lazy\" src=\"https:\/\/cplarraga.educacion.navarra.es\/web\/wp-content\/uploads\/2019\/04\/20190409_Ecojuegos_IMG_20190409_100537_m-1024x768.jpg\" alt=\"\" class=\"wp-image-1532\" width=\"768\" height=\"576\" srcset=\"https:\/\/cplarraga.educacion.navarra.es\/web\/wp-content\/uploads\/2019\/04\/20190409_Ecojuegos_IMG_20190409_100537_m-1024x768.jpg 1024w, https:\/\/cplarraga.educacion.navarra.es\/web\/wp-content\/uploads\/2019\/04\/20190409_Ecojuegos_IMG_20190409_100537_m-300x225.jpg 300w, https:\/\/cplarraga.educacion.navarra.es\/web\/wp-content\/uploads\/2019\/04\/20190409_Ecojuegos_IMG_20190409_100537_m-768x576.jpg 768w\" sizes=\"(max-width: 768px) 100vw, 768px\" \/><\/figure><\/div>\n","protected":false},"excerpt":{"rendered":"<p>El alumnado de 6\u00ba invit\u00f3 el pasado martes 16 de abril a los y las ni\u00f1as de 5 a\u00f1os a probar sus ecojuegos. \u00c9stos son juegos realizados con material reciclado o reutilizado. Nos los pasamos muy bien, disfrutamos haci\u00e9ndonos un poco m\u00e1s conscientes de la importancia de no contaminar.<\/p>\n","protected":false},"author":6,"featured_media":0,"parent":0,"menu_order":0,"comment_status":"closed","ping_status":"closed","template":"","meta":{"_genesis_hide_title":false,"_genesis_hide_breadcrumbs":false,"_genesis_hide_singular_image":false,"_genesis_hide_footer_widgets":false,"_genesis_custom_body_class":"","_genesis_custom_post_class":"","_genesis_layout":""},"_links":{"self":[{"href":"https:\/\/cplarraga.educacion.navarra.es\/web\/wp-json\/wp\/v2\/pages\/1534"}],"collection":[{"href":"https:\/\/cplarraga.educacion.navarra.es\/web\/wp-json\/wp\/v2\/pages"}],"about":[{"href":"https:\/\/cplarraga.educacion.navarra.es\/web\/wp-json\/wp\/v2\/types\/page"}],"author":[{"embeddable":true,"href":"https:\/\/cplarraga.educacion.navarra.es\/web\/wp-json\/wp\/v2\/users\/6"}],"replies":[{"embeddable":true,"href":"https:\/\/cplarraga.educacion.navarra.es\/web\/wp-json\/wp\/v2\/comments?post=1534"}],"version-history":[{"count":7,"href":"https:\/\/cplarraga.educacion.navarra.es\/web\/wp-json\/wp\/v2\/pages\/1534\/revisions"}],"predecessor-version":[{"id":1542,"href":"https:\/\/cplarraga.educacion.navarra.es\/web\/wp-json\/wp\/v2\/pages\/1534\/revisions\/1542"}],"wp:attachment":[{"href":"https:\/\/cplarraga.educacion.navarra.es\/web\/wp-json\/wp\/v2\/media?parent=1534"}],"curies":[{"name":"wp","href":"https:\/\/api.w.org\/{rel}","templated":true}]}}