{"id":1508,"date":"2019-04-17T21:07:21","date_gmt":"2019-04-17T19:07:21","guid":{"rendered":"https:\/\/cplarraga.educacion.navarra.es\/web\/?page_id=1508"},"modified":"2019-04-17T21:46:59","modified_gmt":"2019-04-17T19:46:59","slug":"2019-visita-a-la-vera-cruz","status":"publish","type":"page","link":"https:\/\/cplarraga.educacion.navarra.es\/web\/2019-visita-a-la-vera-cruz\/","title":{"rendered":"2019 Semana Santa"},"content":{"rendered":"\n<p> Con motivo de la Semana Santa el alumnado de sexto de primaria de religi\u00f3n ha realizado una visita a la Vera Cruz.<\/p>\n\n\n\n<p>Muy  interesante y magn\u00edfica explicaci\u00f3n de Javier y Ana que nos han hecho  una din\u00e1mica exposici\u00f3n de los pasos de la semana santa raguesa. <\/p>\n\n\n\n<p>Muchas  gracias, hemos disfrutado mucho. <\/p>\n\n\n\n<div class=\"wp-block-image\"><figure class=\"aligncenter is-resized\"><img loading=\"lazy\" src=\"https:\/\/cplarraga.educacion.navarra.es\/web\/wp-content\/uploads\/2019\/04\/20190413_VeraCruz_IMG_8163_M-1024x768.jpg\" alt=\"\" class=\"wp-image-1497\" width=\"768\" height=\"576\" srcset=\"https:\/\/cplarraga.educacion.navarra.es\/web\/wp-content\/uploads\/2019\/04\/20190413_VeraCruz_IMG_8163_M-1024x768.jpg 1024w, https:\/\/cplarraga.educacion.navarra.es\/web\/wp-content\/uploads\/2019\/04\/20190413_VeraCruz_IMG_8163_M-300x225.jpg 300w, https:\/\/cplarraga.educacion.navarra.es\/web\/wp-content\/uploads\/2019\/04\/20190413_VeraCruz_IMG_8163_M-768x576.jpg 768w\" sizes=\"(max-width: 768px) 100vw, 768px\" \/><\/figure><\/div>\n\n\n\n<ul class=\"wp-block-gallery columns-2 is-cropped\"><li class=\"blocks-gallery-item\"><figure><img loading=\"lazy\" width=\"768\" height=\"1024\" src=\"https:\/\/cplarraga.educacion.navarra.es\/web\/wp-content\/uploads\/2019\/04\/20190413_VeraCruz_IMG_8172_m-768x1024.jpg\" alt=\"\" data-id=\"1500\" data-link=\"https:\/\/cplarraga.educacion.navarra.es\/web\/20190413_veracruz_img_8172_m\/\" class=\"wp-image-1500\" srcset=\"https:\/\/cplarraga.educacion.navarra.es\/web\/wp-content\/uploads\/2019\/04\/20190413_VeraCruz_IMG_8172_m-768x1024.jpg 768w, https:\/\/cplarraga.educacion.navarra.es\/web\/wp-content\/uploads\/2019\/04\/20190413_VeraCruz_IMG_8172_m-225x300.jpg 225w\" sizes=\"(max-width: 768px) 100vw, 768px\" \/><\/figure><\/li><li class=\"blocks-gallery-item\"><figure><img loading=\"lazy\" width=\"1024\" height=\"768\" src=\"https:\/\/cplarraga.educacion.navarra.es\/web\/wp-content\/uploads\/2019\/04\/20190413_VeraCruz_IMG_8165_m-1024x768.jpg\" alt=\"\" data-id=\"1498\" data-link=\"https:\/\/cplarraga.educacion.navarra.es\/web\/20190413_veracruz_img_8165_m\/\" class=\"wp-image-1498\" srcset=\"https:\/\/cplarraga.educacion.navarra.es\/web\/wp-content\/uploads\/2019\/04\/20190413_VeraCruz_IMG_8165_m-1024x768.jpg 1024w, https:\/\/cplarraga.educacion.navarra.es\/web\/wp-content\/uploads\/2019\/04\/20190413_VeraCruz_IMG_8165_m-300x225.jpg 300w, https:\/\/cplarraga.educacion.navarra.es\/web\/wp-content\/uploads\/2019\/04\/20190413_VeraCruz_IMG_8165_m-768x576.jpg 768w\" sizes=\"(max-width: 1024px) 100vw, 1024px\" \/><\/figure><\/li><\/ul>\n\n\n\n<ul class=\"wp-block-gallery columns-2 is-cropped\"><li class=\"blocks-gallery-item\"><figure><img loading=\"lazy\" width=\"1024\" height=\"768\" src=\"https:\/\/cplarraga.educacion.navarra.es\/web\/wp-content\/uploads\/2019\/04\/20190413_VeraCruz_IMG_8166_m-1024x768.jpg\" alt=\"\" data-id=\"1499\" data-link=\"https:\/\/cplarraga.educacion.navarra.es\/web\/20190413_veracruz_img_8166_m\/\" class=\"wp-image-1499\" srcset=\"https:\/\/cplarraga.educacion.navarra.es\/web\/wp-content\/uploads\/2019\/04\/20190413_VeraCruz_IMG_8166_m-1024x768.jpg 1024w, https:\/\/cplarraga.educacion.navarra.es\/web\/wp-content\/uploads\/2019\/04\/20190413_VeraCruz_IMG_8166_m-300x225.jpg 300w, https:\/\/cplarraga.educacion.navarra.es\/web\/wp-content\/uploads\/2019\/04\/20190413_VeraCruz_IMG_8166_m-768x576.jpg 768w\" sizes=\"(max-width: 1024px) 100vw, 1024px\" \/><\/figure><\/li><li class=\"blocks-gallery-item\"><figure><img loading=\"lazy\" width=\"768\" height=\"1024\" src=\"https:\/\/cplarraga.educacion.navarra.es\/web\/wp-content\/uploads\/2019\/04\/20190413_VeraCruz_IMG_8181_m-768x1024.jpg\" alt=\"\" data-id=\"1503\" data-link=\"https:\/\/cplarraga.educacion.navarra.es\/web\/20190413_veracruz_img_8181_m\/\" class=\"wp-image-1503\" srcset=\"https:\/\/cplarraga.educacion.navarra.es\/web\/wp-content\/uploads\/2019\/04\/20190413_VeraCruz_IMG_8181_m-768x1024.jpg 768w, https:\/\/cplarraga.educacion.navarra.es\/web\/wp-content\/uploads\/2019\/04\/20190413_VeraCruz_IMG_8181_m-225x300.jpg 225w\" sizes=\"(max-width: 768px) 100vw, 768px\" \/><\/figure><\/li><\/ul>\n\n\n\n<div class=\"wp-block-image\"><figure class=\"aligncenter is-resized\"><img loading=\"lazy\" src=\"https:\/\/cplarraga.educacion.navarra.es\/web\/wp-content\/uploads\/2019\/04\/20190413_VeraCruz_IMG_8178_m-768x1024.jpg\" alt=\"\" class=\"wp-image-1502\" width=\"576\" height=\"768\" srcset=\"https:\/\/cplarraga.educacion.navarra.es\/web\/wp-content\/uploads\/2019\/04\/20190413_VeraCruz_IMG_8178_m-768x1024.jpg 768w, https:\/\/cplarraga.educacion.navarra.es\/web\/wp-content\/uploads\/2019\/04\/20190413_VeraCruz_IMG_8178_m-225x300.jpg 225w\" sizes=\"(max-width: 576px) 100vw, 576px\" \/><\/figure><\/div>\n\n\n\n<div class=\"wp-block-image\"><figure class=\"aligncenter is-resized\"><img loading=\"lazy\" src=\"https:\/\/cplarraga.educacion.navarra.es\/web\/wp-content\/uploads\/2019\/04\/20190413_VeraCruz_IMG_8195_m-1024x768.jpg\" alt=\"\" class=\"wp-image-1507\" width=\"768\" height=\"576\" srcset=\"https:\/\/cplarraga.educacion.navarra.es\/web\/wp-content\/uploads\/2019\/04\/20190413_VeraCruz_IMG_8195_m-1024x768.jpg 1024w, https:\/\/cplarraga.educacion.navarra.es\/web\/wp-content\/uploads\/2019\/04\/20190413_VeraCruz_IMG_8195_m-300x225.jpg 300w, https:\/\/cplarraga.educacion.navarra.es\/web\/wp-content\/uploads\/2019\/04\/20190413_VeraCruz_IMG_8195_m-768x576.jpg 768w\" sizes=\"(max-width: 768px) 100vw, 768px\" \/><\/figure><\/div>\n","protected":false},"excerpt":{"rendered":"<p>Con motivo de la Semana Santa el alumnado de sexto de primaria de religi\u00f3n ha realizado una visita a la Vera Cruz. Muy interesante y magn\u00edfica explicaci\u00f3n de Javier y Ana que nos han hecho una din\u00e1mica exposici\u00f3n de los pasos de la semana santa raguesa. Muchas gracias, hemos disfrutado mucho.<\/p>\n","protected":false},"author":6,"featured_media":0,"parent":0,"menu_order":0,"comment_status":"closed","ping_status":"closed","template":"","meta":{"_genesis_hide_title":false,"_genesis_hide_breadcrumbs":false,"_genesis_hide_singular_image":false,"_genesis_hide_footer_widgets":false,"_genesis_custom_body_class":"","_genesis_custom_post_class":"","_genesis_layout":""},"_links":{"self":[{"href":"https:\/\/cplarraga.educacion.navarra.es\/web\/wp-json\/wp\/v2\/pages\/1508"}],"collection":[{"href":"https:\/\/cplarraga.educacion.navarra.es\/web\/wp-json\/wp\/v2\/pages"}],"about":[{"href":"https:\/\/cplarraga.educacion.navarra.es\/web\/wp-json\/wp\/v2\/types\/page"}],"author":[{"embeddable":true,"href":"https:\/\/cplarraga.educacion.navarra.es\/web\/wp-json\/wp\/v2\/users\/6"}],"replies":[{"embeddable":true,"href":"https:\/\/cplarraga.educacion.navarra.es\/web\/wp-json\/wp\/v2\/comments?post=1508"}],"version-history":[{"count":7,"href":"https:\/\/cplarraga.educacion.navarra.es\/web\/wp-json\/wp\/v2\/pages\/1508\/revisions"}],"predecessor-version":[{"id":1516,"href":"https:\/\/cplarraga.educacion.navarra.es\/web\/wp-json\/wp\/v2\/pages\/1508\/revisions\/1516"}],"wp:attachment":[{"href":"https:\/\/cplarraga.educacion.navarra.es\/web\/wp-json\/wp\/v2\/media?parent=1508"}],"curies":[{"name":"wp","href":"https:\/\/api.w.org\/{rel}","templated":true}]}}